{"id":4768,"date":"2020-01-20T00:00:00","date_gmt":"2020-01-20T00:00:00","guid":{"rendered":"https:\/\/www.co-nect.fr\/catalogue-mobilier\/non%20class\u00e9\/chaise-pliante\/"},"modified":"2022-04-15T08:47:18","modified_gmt":"2022-04-15T08:47:18","slug":"chaise-pliante","status":"publish","type":"product","link":"https:\/\/co-nect.definima.net\/en\/catalogue-mobilier\/chairs-armchairs-stools\/chaise-pliante\/","title":{"rendered":"Folding Chair"},"content":{"rendered":"","protected":false},"excerpt":{"rendered":"<ul>\r\n \t<li>Dimensions (W\/D\/H\/H) : 45 x 37 x 77<\/li>\r\n \t<li>Colours : White Imitation Leather<\/li>\r\n \t<li>Storage : Stackable<\/li>\r\n \t<li>Material : Steel<\/li>\r\n \t<li>REF CH13<\/li>\r\n<\/ul>","protected":false},"featured_media":7380,"template":"","meta":{"_seopress_robots_primary_cat":"none","_seopress_titles_title":"Folding Chair ","_seopress_titles_desc":"Folding chair rental for your events | CO-NECT","_seopress_robots_index":""},"product_brand":[],"product_cat":[78],"product_tag":[],"class_list":{"0":"post-4768","1":"product","2":"type-product","3":"status-publish","4":"has-post-thumbnail","6":"product_cat-chairs-armchairs-stools","8":"first","9":"instock","10":"taxable","11":"shipping-taxable","12":"purchasable","13":"product-type-simple"},"yoast_head":"<!-- This site is optimized with the Yoast SEO plugin v27.2 - https:\/\/yoast.com\/product\/yoast-seo-wordpress\/ -->\n<title>Folding Chair<\/title>\n<meta name=\"description\" content=\"Location de Folding Chair pour vos \u00e9v\u00e9nements | Co-nect\" \/>\n<meta name=\"robots\" content=\"index, follow, max-snippet:-1, max-image-preview:large, max-video-preview:-1\" \/>\n<link rel=\"canonical\" href=\"https:\/\/co-nect.definima.net\/en\/catalogue-mobilier\/chaises-fauteuils-tabourets\/chaise-pliante\/\" \/>\n<meta property=\"og:locale\" content=\"en_US\" \/>\n<meta property=\"og:type\" content=\"article\" \/>\n<meta property=\"og:title\" content=\"Folding Chair\" \/>\n<meta property=\"og:description\" content=\"Location de Folding Chair pour vos \u00e9v\u00e9nements | Co-nect\" \/>\n<meta property=\"og:url\" content=\"https:\/\/co-nect.definima.net\/catalogue-mobilier\/chaises-fauteuils-tabourets\/chaise-pliante\/\" \/>\n<meta property=\"og:site_name\" content=\"Co-nect\" \/>\n<meta property=\"article:modified_time\" content=\"2022-04-15T08:47:18+00:00\" \/>\n<meta property=\"og:image\" content=\"https:\/\/co-nect.definima.net\/wp-content\/uploads\/2020\/01\/ch-13.png\" \/>\n\t<meta property=\"og:image:width\" content=\"500\" \/>\n\t<meta property=\"og:image:height\" content=\"500\" \/>\n\t<meta property=\"og:image:type\" content=\"image\/png\" \/>\n<meta name=\"twitter:card\" content=\"summary_large_image\" \/>\n<script type=\"application\/ld+json\" class=\"yoast-schema-graph\">{\"@context\":\"https:\/\/schema.org\",\"@graph\":[{\"@type\":\"WebPage\",\"@id\":\"https:\/\/co-nect.definima.net\/catalogue-mobilier\/chaises-fauteuils-tabourets\/chaise-pliante\/\",\"url\":\"https:\/\/co-nect.definima.net\/catalogue-mobilier\/chaises-fauteuils-tabourets\/chaise-pliante\/\",\"name\":\"Folding Chair\",\"isPartOf\":{\"@id\":\"https:\/\/co-nect.definima.net\/#website\"},\"primaryImageOfPage\":{\"@id\":\"https:\/\/co-nect.definima.net\/catalogue-mobilier\/chaises-fauteuils-tabourets\/chaise-pliante\/#primaryimage\"},\"image\":{\"@id\":\"https:\/\/co-nect.definima.net\/catalogue-mobilier\/chaises-fauteuils-tabourets\/chaise-pliante\/#primaryimage\"},\"thumbnailUrl\":\"https:\/\/co-nect.definima.net\/wp-content\/uploads\/2020\/01\/ch-13.png\",\"datePublished\":\"2020-01-20T00:00:00+00:00\",\"dateModified\":\"2022-04-15T08:47:18+00:00\",\"description\":\"Location de Folding Chair pour vos \u00e9v\u00e9nements | Co-nect\",\"breadcrumb\":{\"@id\":\"https:\/\/co-nect.definima.net\/catalogue-mobilier\/chaises-fauteuils-tabourets\/chaise-pliante\/#breadcrumb\"},\"inLanguage\":\"en-US\",\"potentialAction\":[{\"@type\":\"ReadAction\",\"target\":[\"https:\/\/co-nect.definima.net\/catalogue-mobilier\/chaises-fauteuils-tabourets\/chaise-pliante\/\"]}]},{\"@type\":\"ImageObject\",\"inLanguage\":\"en-US\",\"@id\":\"https:\/\/co-nect.definima.net\/catalogue-mobilier\/chaises-fauteuils-tabourets\/chaise-pliante\/#primaryimage\",\"url\":\"https:\/\/co-nect.definima.net\/wp-content\/uploads\/2020\/01\/ch-13.png\",\"contentUrl\":\"https:\/\/co-nect.definima.net\/wp-content\/uploads\/2020\/01\/ch-13.png\",\"width\":500,\"height\":500,\"caption\":\"chaise-pliante-skai-blanc-ch13\"},{\"@type\":\"BreadcrumbList\",\"@id\":\"https:\/\/co-nect.definima.net\/catalogue-mobilier\/chaises-fauteuils-tabourets\/chaise-pliante\/#breadcrumb\",\"itemListElement\":[{\"@type\":\"ListItem\",\"position\":1,\"name\":\"Accueil\",\"item\":\"https:\/\/co-nect.definima.net\/en\/\"},{\"@type\":\"ListItem\",\"position\":2,\"name\":\"Furniture catalog\",\"item\":\"https:\/\/co-nect.definima.net\/catalogue-mobilier\/\"},{\"@type\":\"ListItem\",\"position\":3,\"name\":\"Folding Chair\"}]},{\"@type\":\"WebSite\",\"@id\":\"https:\/\/co-nect.definima.net\/#website\",\"url\":\"https:\/\/co-nect.definima.net\/\",\"name\":\"Co-nect\",\"description\":\"Ma\u00eetre en \u00e9v\u00e9nements\",\"publisher\":{\"@id\":\"https:\/\/co-nect.definima.net\/#organization\"},\"potentialAction\":[{\"@type\":\"SearchAction\",\"target\":{\"@type\":\"EntryPoint\",\"urlTemplate\":\"https:\/\/co-nect.definima.net\/?s={search_term_string}\"},\"query-input\":{\"@type\":\"PropertyValueSpecification\",\"valueRequired\":true,\"valueName\":\"search_term_string\"}}],\"inLanguage\":\"en-US\"},{\"@type\":\"Organization\",\"@id\":\"https:\/\/co-nect.definima.net\/#organization\",\"name\":\"Les Ortigues\",\"url\":\"https:\/\/co-nect.definima.net\/\",\"logo\":{\"@type\":\"ImageObject\",\"inLanguage\":\"en-US\",\"@id\":\"https:\/\/co-nect.definima.net\/#\/schema\/logo\/image\/\",\"url\":\"\",\"contentUrl\":\"\",\"caption\":\"Les Ortigues\"},\"image\":{\"@id\":\"https:\/\/co-nect.definima.net\/#\/schema\/logo\/image\/\"}}]}<\/script>\n<!-- \/ Yoast SEO plugin. -->","yoast_head_json":{"title":"Folding Chair","description":"Location de Folding Chair pour vos \u00e9v\u00e9nements | Co-nect","robots":{"index":"index","follow":"follow","max-snippet":"max-snippet:-1","max-image-preview":"max-image-preview:large","max-video-preview":"max-video-preview:-1"},"canonical":"https:\/\/co-nect.definima.net\/en\/catalogue-mobilier\/chaises-fauteuils-tabourets\/chaise-pliante\/","og_locale":"en_US","og_type":"article","og_title":"Folding Chair","og_description":"Location de Folding Chair pour vos \u00e9v\u00e9nements | Co-nect","og_url":"https:\/\/co-nect.definima.net\/catalogue-mobilier\/chaises-fauteuils-tabourets\/chaise-pliante\/","og_site_name":"Co-nect","article_modified_time":"2022-04-15T08:47:18+00:00","og_image":[{"width":500,"height":500,"url":"https:\/\/co-nect.definima.net\/wp-content\/uploads\/2020\/01\/ch-13.png","type":"image\/png"}],"twitter_card":"summary_large_image","schema":{"@context":"https:\/\/schema.org","@graph":[{"@type":"WebPage","@id":"https:\/\/co-nect.definima.net\/catalogue-mobilier\/chaises-fauteuils-tabourets\/chaise-pliante\/","url":"https:\/\/co-nect.definima.net\/catalogue-mobilier\/chaises-fauteuils-tabourets\/chaise-pliante\/","name":"Folding Chair","isPartOf":{"@id":"https:\/\/co-nect.definima.net\/#website"},"primaryImageOfPage":{"@id":"https:\/\/co-nect.definima.net\/catalogue-mobilier\/chaises-fauteuils-tabourets\/chaise-pliante\/#primaryimage"},"image":{"@id":"https:\/\/co-nect.definima.net\/catalogue-mobilier\/chaises-fauteuils-tabourets\/chaise-pliante\/#primaryimage"},"thumbnailUrl":"https:\/\/co-nect.definima.net\/wp-content\/uploads\/2020\/01\/ch-13.png","datePublished":"2020-01-20T00:00:00+00:00","dateModified":"2022-04-15T08:47:18+00:00","description":"Location de Folding Chair pour vos \u00e9v\u00e9nements | Co-nect","breadcrumb":{"@id":"https:\/\/co-nect.definima.net\/catalogue-mobilier\/chaises-fauteuils-tabourets\/chaise-pliante\/#breadcrumb"},"inLanguage":"en-US","potentialAction":[{"@type":"ReadAction","target":["https:\/\/co-nect.definima.net\/catalogue-mobilier\/chaises-fauteuils-tabourets\/chaise-pliante\/"]}]},{"@type":"ImageObject","inLanguage":"en-US","@id":"https:\/\/co-nect.definima.net\/catalogue-mobilier\/chaises-fauteuils-tabourets\/chaise-pliante\/#primaryimage","url":"https:\/\/co-nect.definima.net\/wp-content\/uploads\/2020\/01\/ch-13.png","contentUrl":"https:\/\/co-nect.definima.net\/wp-content\/uploads\/2020\/01\/ch-13.png","width":500,"height":500,"caption":"chaise-pliante-skai-blanc-ch13"},{"@type":"BreadcrumbList","@id":"https:\/\/co-nect.definima.net\/catalogue-mobilier\/chaises-fauteuils-tabourets\/chaise-pliante\/#breadcrumb","itemListElement":[{"@type":"ListItem","position":1,"name":"Accueil","item":"https:\/\/co-nect.definima.net\/en\/"},{"@type":"ListItem","position":2,"name":"Furniture catalog","item":"https:\/\/co-nect.definima.net\/catalogue-mobilier\/"},{"@type":"ListItem","position":3,"name":"Folding Chair"}]},{"@type":"WebSite","@id":"https:\/\/co-nect.definima.net\/#website","url":"https:\/\/co-nect.definima.net\/","name":"Co-nect","description":"Ma\u00eetre en \u00e9v\u00e9nements","publisher":{"@id":"https:\/\/co-nect.definima.net\/#organization"},"potentialAction":[{"@type":"SearchAction","target":{"@type":"EntryPoint","urlTemplate":"https:\/\/co-nect.definima.net\/?s={search_term_string}"},"query-input":{"@type":"PropertyValueSpecification","valueRequired":true,"valueName":"search_term_string"}}],"inLanguage":"en-US"},{"@type":"Organization","@id":"https:\/\/co-nect.definima.net\/#organization","name":"Les Ortigues","url":"https:\/\/co-nect.definima.net\/","logo":{"@type":"ImageObject","inLanguage":"en-US","@id":"https:\/\/co-nect.definima.net\/#\/schema\/logo\/image\/","url":"","contentUrl":"","caption":"Les Ortigues"},"image":{"@id":"https:\/\/co-nect.definima.net\/#\/schema\/logo\/image\/"}}]}},"_links":{"self":[{"href":"https:\/\/co-nect.definima.net\/en\/wp-json\/wp\/v2\/product\/4768\/"}],"collection":[{"href":"https:\/\/co-nect.definima.net\/en\/wp-json\/wp\/v2\/product\/"}],"about":[{"href":"https:\/\/co-nect.definima.net\/en\/wp-json\/wp\/v2\/types\/product\/"}],"wp:featuredmedia":[{"embeddable":true,"href":"https:\/\/co-nect.definima.net\/en\/wp-json\/wp\/v2\/media\/7380\/"}],"wp:attachment":[{"href":"https:\/\/co-nect.definima.net\/en\/wp-json\/wp\/v2\/media\/?parent=4768"}],"wp:term":[{"taxonomy":"product_brand","embeddable":true,"href":"https:\/\/co-nect.definima.net\/en\/wp-json\/wp\/v2\/product_brand\/?post=4768"},{"taxonomy":"product_cat","embeddable":true,"href":"https:\/\/co-nect.definima.net\/en\/wp-json\/wp\/v2\/product_cat\/?post=4768"},{"taxonomy":"product_tag","embeddable":true,"href":"https:\/\/co-nect.definima.net\/en\/wp-json\/wp\/v2\/product_tag\/?post=4768"}],"curies":[{"name":"wp","href":"https:\/\/api.w.org\/{rel}","templated":true}]}}