{"id":4636,"date":"2020-01-20T00:00:00","date_gmt":"2020-01-19T23:00:00","guid":{"rendered":"https:\/\/www.co-nect.fr\/catalogue-mobilier\/non%20class\u00e9\/bar-demi-lune-2\/"},"modified":"2024-01-19T09:23:14","modified_gmt":"2024-01-19T08:23:14","slug":"bar-demi-lune-2","status":"publish","type":"product","link":"https:\/\/co-nect.definima.net\/en\/catalogue-mobilier\/counters-bars\/bar-demi-lune-2\/","title":{"rendered":"Big Demilune Bar"},"content":{"rendered":"","protected":false},"excerpt":{"rendered":"<ul>\r\n \t<li>Dimensions (W\/D\/H) : 270 x 60 x 105<\/li>\r\n \t<li>Colour : White<\/li>\r\n \t<li>Material : Wood<\/li>\r\n \t<li>REF BA2<\/li>\r\n<\/ul>","protected":false},"featured_media":10468,"template":"","meta":{"_seopress_robots_primary_cat":"none","_seopress_titles_title":"Big Demilune Bar","_seopress_titles_desc":"Big Demilune Bar rental for your events | CO-NECT","_seopress_robots_index":""},"product_brand":[],"product_cat":[79],"product_tag":[],"class_list":{"0":"post-4636","1":"product","2":"type-product","3":"status-publish","4":"has-post-thumbnail","6":"product_cat-counters-bars","8":"first","9":"instock","10":"taxable","11":"shipping-taxable","12":"purchasable","13":"product-type-simple"},"yoast_head":"<!-- This site is optimized with the Yoast SEO plugin v27.2 - https:\/\/yoast.com\/product\/yoast-seo-wordpress\/ -->\n<title>Big Demilune Bar<\/title>\n<meta name=\"description\" content=\"Location de Big Demilune Bar pour vos \u00e9v\u00e9nements | Co-nect\" \/>\n<meta name=\"robots\" content=\"index, follow, max-snippet:-1, max-image-preview:large, max-video-preview:-1\" \/>\n<link rel=\"canonical\" href=\"https:\/\/co-nect.definima.net\/en\/catalogue-mobilier\/comptoirs-bars\/bar-demi-lune-2\/\" \/>\n<meta property=\"og:locale\" content=\"en_US\" \/>\n<meta property=\"og:type\" content=\"article\" \/>\n<meta property=\"og:title\" content=\"Big Demilune Bar\" \/>\n<meta property=\"og:description\" content=\"Location de Big Demilune Bar pour vos \u00e9v\u00e9nements | Co-nect\" \/>\n<meta property=\"og:url\" content=\"https:\/\/co-nect.definima.net\/catalogue-mobilier\/comptoirs-bars\/bar-demi-lune-2\/\" \/>\n<meta property=\"og:site_name\" content=\"Co-nect\" \/>\n<meta property=\"article:modified_time\" content=\"2024-01-19T08:23:14+00:00\" \/>\n<meta property=\"og:image\" content=\"https:\/\/co-nect.definima.net\/wp-content\/uploads\/2020\/01\/ba-2.jpg\" \/>\n\t<meta property=\"og:image:width\" content=\"512\" \/>\n\t<meta property=\"og:image:height\" content=\"512\" \/>\n\t<meta property=\"og:image:type\" content=\"image\/jpeg\" \/>\n<meta name=\"twitter:card\" content=\"summary_large_image\" \/>\n<script type=\"application\/ld+json\" class=\"yoast-schema-graph\">{\"@context\":\"https:\/\/schema.org\",\"@graph\":[{\"@type\":\"WebPage\",\"@id\":\"https:\/\/co-nect.definima.net\/catalogue-mobilier\/comptoirs-bars\/bar-demi-lune-2\/\",\"url\":\"https:\/\/co-nect.definima.net\/catalogue-mobilier\/comptoirs-bars\/bar-demi-lune-2\/\",\"name\":\"Big Demilune Bar\",\"isPartOf\":{\"@id\":\"https:\/\/co-nect.definima.net\/#website\"},\"primaryImageOfPage\":{\"@id\":\"https:\/\/co-nect.definima.net\/catalogue-mobilier\/comptoirs-bars\/bar-demi-lune-2\/#primaryimage\"},\"image\":{\"@id\":\"https:\/\/co-nect.definima.net\/catalogue-mobilier\/comptoirs-bars\/bar-demi-lune-2\/#primaryimage\"},\"thumbnailUrl\":\"https:\/\/co-nect.definima.net\/wp-content\/uploads\/2020\/01\/ba-2.jpg\",\"datePublished\":\"2020-01-19T23:00:00+00:00\",\"dateModified\":\"2024-01-19T08:23:14+00:00\",\"description\":\"Location de Big Demilune Bar pour vos \u00e9v\u00e9nements | Co-nect\",\"breadcrumb\":{\"@id\":\"https:\/\/co-nect.definima.net\/catalogue-mobilier\/comptoirs-bars\/bar-demi-lune-2\/#breadcrumb\"},\"inLanguage\":\"en-US\",\"potentialAction\":[{\"@type\":\"ReadAction\",\"target\":[\"https:\/\/co-nect.definima.net\/catalogue-mobilier\/comptoirs-bars\/bar-demi-lune-2\/\"]}]},{\"@type\":\"ImageObject\",\"inLanguage\":\"en-US\",\"@id\":\"https:\/\/co-nect.definima.net\/catalogue-mobilier\/comptoirs-bars\/bar-demi-lune-2\/#primaryimage\",\"url\":\"https:\/\/co-nect.definima.net\/wp-content\/uploads\/2020\/01\/ba-2.jpg\",\"contentUrl\":\"https:\/\/co-nect.definima.net\/wp-content\/uploads\/2020\/01\/ba-2.jpg\",\"width\":512,\"height\":512,\"caption\":\"ba2-big-demilune-counter\"},{\"@type\":\"BreadcrumbList\",\"@id\":\"https:\/\/co-nect.definima.net\/catalogue-mobilier\/comptoirs-bars\/bar-demi-lune-2\/#breadcrumb\",\"itemListElement\":[{\"@type\":\"ListItem\",\"position\":1,\"name\":\"Accueil\",\"item\":\"https:\/\/co-nect.definima.net\/en\/\"},{\"@type\":\"ListItem\",\"position\":2,\"name\":\"Furniture catalog\",\"item\":\"https:\/\/co-nect.definima.net\/catalogue-mobilier\/\"},{\"@type\":\"ListItem\",\"position\":3,\"name\":\"Big Demilune Bar\"}]},{\"@type\":\"WebSite\",\"@id\":\"https:\/\/co-nect.definima.net\/#website\",\"url\":\"https:\/\/co-nect.definima.net\/\",\"name\":\"Co-nect\",\"description\":\"Ma\u00eetre en \u00e9v\u00e9nements\",\"publisher\":{\"@id\":\"https:\/\/co-nect.definima.net\/#organization\"},\"potentialAction\":[{\"@type\":\"SearchAction\",\"target\":{\"@type\":\"EntryPoint\",\"urlTemplate\":\"https:\/\/co-nect.definima.net\/?s={search_term_string}\"},\"query-input\":{\"@type\":\"PropertyValueSpecification\",\"valueRequired\":true,\"valueName\":\"search_term_string\"}}],\"inLanguage\":\"en-US\"},{\"@type\":\"Organization\",\"@id\":\"https:\/\/co-nect.definima.net\/#organization\",\"name\":\"Les Ortigues\",\"url\":\"https:\/\/co-nect.definima.net\/\",\"logo\":{\"@type\":\"ImageObject\",\"inLanguage\":\"en-US\",\"@id\":\"https:\/\/co-nect.definima.net\/#\/schema\/logo\/image\/\",\"url\":\"\",\"contentUrl\":\"\",\"caption\":\"Les Ortigues\"},\"image\":{\"@id\":\"https:\/\/co-nect.definima.net\/#\/schema\/logo\/image\/\"}}]}<\/script>\n<!-- \/ Yoast SEO plugin. -->","yoast_head_json":{"title":"Big Demilune Bar","description":"Location de Big Demilune Bar pour vos \u00e9v\u00e9nements | Co-nect","robots":{"index":"index","follow":"follow","max-snippet":"max-snippet:-1","max-image-preview":"max-image-preview:large","max-video-preview":"max-video-preview:-1"},"canonical":"https:\/\/co-nect.definima.net\/en\/catalogue-mobilier\/comptoirs-bars\/bar-demi-lune-2\/","og_locale":"en_US","og_type":"article","og_title":"Big Demilune Bar","og_description":"Location de Big Demilune Bar pour vos \u00e9v\u00e9nements | Co-nect","og_url":"https:\/\/co-nect.definima.net\/catalogue-mobilier\/comptoirs-bars\/bar-demi-lune-2\/","og_site_name":"Co-nect","article_modified_time":"2024-01-19T08:23:14+00:00","og_image":[{"width":512,"height":512,"url":"https:\/\/co-nect.definima.net\/wp-content\/uploads\/2020\/01\/ba-2.jpg","type":"image\/jpeg"}],"twitter_card":"summary_large_image","schema":{"@context":"https:\/\/schema.org","@graph":[{"@type":"WebPage","@id":"https:\/\/co-nect.definima.net\/catalogue-mobilier\/comptoirs-bars\/bar-demi-lune-2\/","url":"https:\/\/co-nect.definima.net\/catalogue-mobilier\/comptoirs-bars\/bar-demi-lune-2\/","name":"Big Demilune Bar","isPartOf":{"@id":"https:\/\/co-nect.definima.net\/#website"},"primaryImageOfPage":{"@id":"https:\/\/co-nect.definima.net\/catalogue-mobilier\/comptoirs-bars\/bar-demi-lune-2\/#primaryimage"},"image":{"@id":"https:\/\/co-nect.definima.net\/catalogue-mobilier\/comptoirs-bars\/bar-demi-lune-2\/#primaryimage"},"thumbnailUrl":"https:\/\/co-nect.definima.net\/wp-content\/uploads\/2020\/01\/ba-2.jpg","datePublished":"2020-01-19T23:00:00+00:00","dateModified":"2024-01-19T08:23:14+00:00","description":"Location de Big Demilune Bar pour vos \u00e9v\u00e9nements | Co-nect","breadcrumb":{"@id":"https:\/\/co-nect.definima.net\/catalogue-mobilier\/comptoirs-bars\/bar-demi-lune-2\/#breadcrumb"},"inLanguage":"en-US","potentialAction":[{"@type":"ReadAction","target":["https:\/\/co-nect.definima.net\/catalogue-mobilier\/comptoirs-bars\/bar-demi-lune-2\/"]}]},{"@type":"ImageObject","inLanguage":"en-US","@id":"https:\/\/co-nect.definima.net\/catalogue-mobilier\/comptoirs-bars\/bar-demi-lune-2\/#primaryimage","url":"https:\/\/co-nect.definima.net\/wp-content\/uploads\/2020\/01\/ba-2.jpg","contentUrl":"https:\/\/co-nect.definima.net\/wp-content\/uploads\/2020\/01\/ba-2.jpg","width":512,"height":512,"caption":"ba2-big-demilune-counter"},{"@type":"BreadcrumbList","@id":"https:\/\/co-nect.definima.net\/catalogue-mobilier\/comptoirs-bars\/bar-demi-lune-2\/#breadcrumb","itemListElement":[{"@type":"ListItem","position":1,"name":"Accueil","item":"https:\/\/co-nect.definima.net\/en\/"},{"@type":"ListItem","position":2,"name":"Furniture catalog","item":"https:\/\/co-nect.definima.net\/catalogue-mobilier\/"},{"@type":"ListItem","position":3,"name":"Big Demilune Bar"}]},{"@type":"WebSite","@id":"https:\/\/co-nect.definima.net\/#website","url":"https:\/\/co-nect.definima.net\/","name":"Co-nect","description":"Ma\u00eetre en \u00e9v\u00e9nements","publisher":{"@id":"https:\/\/co-nect.definima.net\/#organization"},"potentialAction":[{"@type":"SearchAction","target":{"@type":"EntryPoint","urlTemplate":"https:\/\/co-nect.definima.net\/?s={search_term_string}"},"query-input":{"@type":"PropertyValueSpecification","valueRequired":true,"valueName":"search_term_string"}}],"inLanguage":"en-US"},{"@type":"Organization","@id":"https:\/\/co-nect.definima.net\/#organization","name":"Les Ortigues","url":"https:\/\/co-nect.definima.net\/","logo":{"@type":"ImageObject","inLanguage":"en-US","@id":"https:\/\/co-nect.definima.net\/#\/schema\/logo\/image\/","url":"","contentUrl":"","caption":"Les Ortigues"},"image":{"@id":"https:\/\/co-nect.definima.net\/#\/schema\/logo\/image\/"}}]}},"_links":{"self":[{"href":"https:\/\/co-nect.definima.net\/en\/wp-json\/wp\/v2\/product\/4636\/"}],"collection":[{"href":"https:\/\/co-nect.definima.net\/en\/wp-json\/wp\/v2\/product\/"}],"about":[{"href":"https:\/\/co-nect.definima.net\/en\/wp-json\/wp\/v2\/types\/product\/"}],"wp:featuredmedia":[{"embeddable":true,"href":"https:\/\/co-nect.definima.net\/en\/wp-json\/wp\/v2\/media\/10468\/"}],"wp:attachment":[{"href":"https:\/\/co-nect.definima.net\/en\/wp-json\/wp\/v2\/media\/?parent=4636"}],"wp:term":[{"taxonomy":"product_brand","embeddable":true,"href":"https:\/\/co-nect.definima.net\/en\/wp-json\/wp\/v2\/product_brand\/?post=4636"},{"taxonomy":"product_cat","embeddable":true,"href":"https:\/\/co-nect.definima.net\/en\/wp-json\/wp\/v2\/product_cat\/?post=4636"},{"taxonomy":"product_tag","embeddable":true,"href":"https:\/\/co-nect.definima.net\/en\/wp-json\/wp\/v2\/product_tag\/?post=4636"}],"curies":[{"name":"wp","href":"https:\/\/api.w.org\/{rel}","templated":true}]}}