{"id":4571,"date":"2020-01-20T00:00:00","date_gmt":"2020-01-20T00:00:00","guid":{"rendered":"https:\/\/www.co-nect.fr\/catalogue-mobilier\/non%20class\u00e9\/prise-de-courant\/"},"modified":"2020-11-02T09:53:31","modified_gmt":"2020-11-02T09:53:31","slug":"prise-de-courant","status":"publish","type":"product","link":"https:\/\/co-nect.definima.net\/en\/catalogue-mobilier\/modular-electrical-accessories-wall-covering-flooring\/prise-de-courant\/","title":{"rendered":"Prise de courant"},"content":{"rendered":"","protected":false},"excerpt":{"rendered":"","protected":false},"featured_media":8162,"template":"","meta":{"_seopress_robots_primary_cat":"none","_seopress_titles_title":"","_seopress_titles_desc":"","_seopress_robots_index":""},"product_brand":[],"product_cat":[81],"product_tag":[],"class_list":{"0":"post-4571","1":"product","2":"type-product","3":"status-publish","4":"has-post-thumbnail","6":"product_cat-modular-electrical-accessories-wall-covering-flooring","8":"first","9":"instock","10":"taxable","11":"shipping-taxable","12":"product-type-simple"},"yoast_head":"<!-- This site is optimized with the Yoast SEO plugin v27.2 - https:\/\/yoast.com\/product\/yoast-seo-wordpress\/ -->\n<title>Prise de courant<\/title>\n<meta name=\"description\" content=\"Location de Prise de courant pour vos \u00e9v\u00e9nements | Co-nect\" \/>\n<meta name=\"robots\" content=\"index, follow, max-snippet:-1, max-image-preview:large, max-video-preview:-1\" \/>\n<link rel=\"canonical\" href=\"https:\/\/co-nect.definima.net\/en\/catalogue-mobilier\/modulaire-electricite-revetements\/prise-de-courant\/\" \/>\n<meta property=\"og:locale\" content=\"en_US\" \/>\n<meta property=\"og:type\" content=\"article\" \/>\n<meta property=\"og:title\" content=\"Prise de courant\" \/>\n<meta property=\"og:description\" content=\"Location de Prise de courant pour vos \u00e9v\u00e9nements | Co-nect\" \/>\n<meta property=\"og:url\" content=\"https:\/\/co-nect.definima.net\/catalogue-mobilier\/modulaire-electricite-revetements\/prise-de-courant\/\" \/>\n<meta property=\"og:site_name\" content=\"Co-nect\" \/>\n<meta property=\"article:modified_time\" content=\"2020-11-02T09:53:31+00:00\" \/>\n<meta property=\"og:image\" content=\"https:\/\/co-nect.definima.net\/wp-content\/uploads\/2020\/01\/ld0001022563-2.jpg\" \/>\n\t<meta property=\"og:image:width\" content=\"1600\" \/>\n\t<meta property=\"og:image:height\" content=\"1600\" \/>\n\t<meta property=\"og:image:type\" content=\"image\/jpeg\" \/>\n<meta name=\"twitter:card\" content=\"summary_large_image\" \/>\n<script type=\"application\/ld+json\" class=\"yoast-schema-graph\">{\"@context\":\"https:\/\/schema.org\",\"@graph\":[{\"@type\":\"WebPage\",\"@id\":\"https:\/\/co-nect.definima.net\/catalogue-mobilier\/modulaire-electricite-revetements\/prise-de-courant\/\",\"url\":\"https:\/\/co-nect.definima.net\/catalogue-mobilier\/modulaire-electricite-revetements\/prise-de-courant\/\",\"name\":\"Prise de courant\",\"isPartOf\":{\"@id\":\"https:\/\/co-nect.definima.net\/#website\"},\"primaryImageOfPage\":{\"@id\":\"https:\/\/co-nect.definima.net\/catalogue-mobilier\/modulaire-electricite-revetements\/prise-de-courant\/#primaryimage\"},\"image\":{\"@id\":\"https:\/\/co-nect.definima.net\/catalogue-mobilier\/modulaire-electricite-revetements\/prise-de-courant\/#primaryimage\"},\"thumbnailUrl\":\"https:\/\/co-nect.definima.net\/wp-content\/uploads\/2020\/01\/ld0001022563-2.jpg\",\"datePublished\":\"2020-01-20T00:00:00+00:00\",\"dateModified\":\"2020-11-02T09:53:31+00:00\",\"description\":\"Location de Prise de courant pour vos \u00e9v\u00e9nements | Co-nect\",\"breadcrumb\":{\"@id\":\"https:\/\/co-nect.definima.net\/catalogue-mobilier\/modulaire-electricite-revetements\/prise-de-courant\/#breadcrumb\"},\"inLanguage\":\"en-US\",\"potentialAction\":[{\"@type\":\"ReadAction\",\"target\":[\"https:\/\/co-nect.definima.net\/catalogue-mobilier\/modulaire-electricite-revetements\/prise-de-courant\/\"]}]},{\"@type\":\"ImageObject\",\"inLanguage\":\"en-US\",\"@id\":\"https:\/\/co-nect.definima.net\/catalogue-mobilier\/modulaire-electricite-revetements\/prise-de-courant\/#primaryimage\",\"url\":\"https:\/\/co-nect.definima.net\/wp-content\/uploads\/2020\/01\/ld0001022563-2.jpg\",\"contentUrl\":\"https:\/\/co-nect.definima.net\/wp-content\/uploads\/2020\/01\/ld0001022563-2.jpg\",\"width\":1600,\"height\":1600,\"caption\":\"Ld0001022563 2\"},{\"@type\":\"BreadcrumbList\",\"@id\":\"https:\/\/co-nect.definima.net\/catalogue-mobilier\/modulaire-electricite-revetements\/prise-de-courant\/#breadcrumb\",\"itemListElement\":[{\"@type\":\"ListItem\",\"position\":1,\"name\":\"Accueil\",\"item\":\"https:\/\/co-nect.definima.net\/en\/\"},{\"@type\":\"ListItem\",\"position\":2,\"name\":\"Furniture catalog\",\"item\":\"https:\/\/co-nect.definima.net\/catalogue-mobilier\/\"},{\"@type\":\"ListItem\",\"position\":3,\"name\":\"Prise de courant\"}]},{\"@type\":\"WebSite\",\"@id\":\"https:\/\/co-nect.definima.net\/#website\",\"url\":\"https:\/\/co-nect.definima.net\/\",\"name\":\"Co-nect\",\"description\":\"Ma\u00eetre en \u00e9v\u00e9nements\",\"publisher\":{\"@id\":\"https:\/\/co-nect.definima.net\/#organization\"},\"potentialAction\":[{\"@type\":\"SearchAction\",\"target\":{\"@type\":\"EntryPoint\",\"urlTemplate\":\"https:\/\/co-nect.definima.net\/?s={search_term_string}\"},\"query-input\":{\"@type\":\"PropertyValueSpecification\",\"valueRequired\":true,\"valueName\":\"search_term_string\"}}],\"inLanguage\":\"en-US\"},{\"@type\":\"Organization\",\"@id\":\"https:\/\/co-nect.definima.net\/#organization\",\"name\":\"Les Ortigues\",\"url\":\"https:\/\/co-nect.definima.net\/\",\"logo\":{\"@type\":\"ImageObject\",\"inLanguage\":\"en-US\",\"@id\":\"https:\/\/co-nect.definima.net\/#\/schema\/logo\/image\/\",\"url\":\"\",\"contentUrl\":\"\",\"caption\":\"Les Ortigues\"},\"image\":{\"@id\":\"https:\/\/co-nect.definima.net\/#\/schema\/logo\/image\/\"}}]}<\/script>\n<!-- \/ Yoast SEO plugin. -->","yoast_head_json":{"title":"Prise de courant","description":"Location de Prise de courant pour vos \u00e9v\u00e9nements | Co-nect","robots":{"index":"index","follow":"follow","max-snippet":"max-snippet:-1","max-image-preview":"max-image-preview:large","max-video-preview":"max-video-preview:-1"},"canonical":"https:\/\/co-nect.definima.net\/en\/catalogue-mobilier\/modulaire-electricite-revetements\/prise-de-courant\/","og_locale":"en_US","og_type":"article","og_title":"Prise de courant","og_description":"Location de Prise de courant pour vos \u00e9v\u00e9nements | Co-nect","og_url":"https:\/\/co-nect.definima.net\/catalogue-mobilier\/modulaire-electricite-revetements\/prise-de-courant\/","og_site_name":"Co-nect","article_modified_time":"2020-11-02T09:53:31+00:00","og_image":[{"width":1600,"height":1600,"url":"https:\/\/co-nect.definima.net\/wp-content\/uploads\/2020\/01\/ld0001022563-2.jpg","type":"image\/jpeg"}],"twitter_card":"summary_large_image","schema":{"@context":"https:\/\/schema.org","@graph":[{"@type":"WebPage","@id":"https:\/\/co-nect.definima.net\/catalogue-mobilier\/modulaire-electricite-revetements\/prise-de-courant\/","url":"https:\/\/co-nect.definima.net\/catalogue-mobilier\/modulaire-electricite-revetements\/prise-de-courant\/","name":"Prise de courant","isPartOf":{"@id":"https:\/\/co-nect.definima.net\/#website"},"primaryImageOfPage":{"@id":"https:\/\/co-nect.definima.net\/catalogue-mobilier\/modulaire-electricite-revetements\/prise-de-courant\/#primaryimage"},"image":{"@id":"https:\/\/co-nect.definima.net\/catalogue-mobilier\/modulaire-electricite-revetements\/prise-de-courant\/#primaryimage"},"thumbnailUrl":"https:\/\/co-nect.definima.net\/wp-content\/uploads\/2020\/01\/ld0001022563-2.jpg","datePublished":"2020-01-20T00:00:00+00:00","dateModified":"2020-11-02T09:53:31+00:00","description":"Location de Prise de courant pour vos \u00e9v\u00e9nements | Co-nect","breadcrumb":{"@id":"https:\/\/co-nect.definima.net\/catalogue-mobilier\/modulaire-electricite-revetements\/prise-de-courant\/#breadcrumb"},"inLanguage":"en-US","potentialAction":[{"@type":"ReadAction","target":["https:\/\/co-nect.definima.net\/catalogue-mobilier\/modulaire-electricite-revetements\/prise-de-courant\/"]}]},{"@type":"ImageObject","inLanguage":"en-US","@id":"https:\/\/co-nect.definima.net\/catalogue-mobilier\/modulaire-electricite-revetements\/prise-de-courant\/#primaryimage","url":"https:\/\/co-nect.definima.net\/wp-content\/uploads\/2020\/01\/ld0001022563-2.jpg","contentUrl":"https:\/\/co-nect.definima.net\/wp-content\/uploads\/2020\/01\/ld0001022563-2.jpg","width":1600,"height":1600,"caption":"Ld0001022563 2"},{"@type":"BreadcrumbList","@id":"https:\/\/co-nect.definima.net\/catalogue-mobilier\/modulaire-electricite-revetements\/prise-de-courant\/#breadcrumb","itemListElement":[{"@type":"ListItem","position":1,"name":"Accueil","item":"https:\/\/co-nect.definima.net\/en\/"},{"@type":"ListItem","position":2,"name":"Furniture catalog","item":"https:\/\/co-nect.definima.net\/catalogue-mobilier\/"},{"@type":"ListItem","position":3,"name":"Prise de courant"}]},{"@type":"WebSite","@id":"https:\/\/co-nect.definima.net\/#website","url":"https:\/\/co-nect.definima.net\/","name":"Co-nect","description":"Ma\u00eetre en \u00e9v\u00e9nements","publisher":{"@id":"https:\/\/co-nect.definima.net\/#organization"},"potentialAction":[{"@type":"SearchAction","target":{"@type":"EntryPoint","urlTemplate":"https:\/\/co-nect.definima.net\/?s={search_term_string}"},"query-input":{"@type":"PropertyValueSpecification","valueRequired":true,"valueName":"search_term_string"}}],"inLanguage":"en-US"},{"@type":"Organization","@id":"https:\/\/co-nect.definima.net\/#organization","name":"Les Ortigues","url":"https:\/\/co-nect.definima.net\/","logo":{"@type":"ImageObject","inLanguage":"en-US","@id":"https:\/\/co-nect.definima.net\/#\/schema\/logo\/image\/","url":"","contentUrl":"","caption":"Les Ortigues"},"image":{"@id":"https:\/\/co-nect.definima.net\/#\/schema\/logo\/image\/"}}]}},"_links":{"self":[{"href":"https:\/\/co-nect.definima.net\/en\/wp-json\/wp\/v2\/product\/4571\/"}],"collection":[{"href":"https:\/\/co-nect.definima.net\/en\/wp-json\/wp\/v2\/product\/"}],"about":[{"href":"https:\/\/co-nect.definima.net\/en\/wp-json\/wp\/v2\/types\/product\/"}],"wp:featuredmedia":[{"embeddable":true,"href":"https:\/\/co-nect.definima.net\/en\/wp-json\/wp\/v2\/media\/8162\/"}],"wp:attachment":[{"href":"https:\/\/co-nect.definima.net\/en\/wp-json\/wp\/v2\/media\/?parent=4571"}],"wp:term":[{"taxonomy":"product_brand","embeddable":true,"href":"https:\/\/co-nect.definima.net\/en\/wp-json\/wp\/v2\/product_brand\/?post=4571"},{"taxonomy":"product_cat","embeddable":true,"href":"https:\/\/co-nect.definima.net\/en\/wp-json\/wp\/v2\/product_cat\/?post=4571"},{"taxonomy":"product_tag","embeddable":true,"href":"https:\/\/co-nect.definima.net\/en\/wp-json\/wp\/v2\/product_tag\/?post=4571"}],"curies":[{"name":"wp","href":"https:\/\/api.w.org\/{rel}","templated":true}]}}