{"id":3829,"date":"2020-01-20T00:00:00","date_gmt":"2020-01-20T00:00:00","guid":{"rendered":"https:\/\/www.co-nect.fr\/catalogue-mobilier\/non%20class\u00e9\/table-ronde-6\/"},"modified":"2024-01-18T12:28:17","modified_gmt":"2024-01-18T11:28:17","slug":"table-ronde-6","status":"publish","type":"product","link":"https:\/\/co-nect.definima.net\/en\/catalogue-mobilier\/bar-tables-desks-tables\/table-ronde-6\/","title":{"rendered":"Black Round Table &#8211; \u00d860&#215;115"},"content":{"rendered":"","protected":false},"excerpt":{"rendered":"<ul>\r\n \t<li>Dimensions (\u00d8\/H) : 60 x 115<\/li>\r\n \t<li>Colour : Black<\/li>\r\n \t<li>Materials : Melamine and stainless steel base<\/li>\r\n \t<li>REF TAB16<\/li>\r\n<\/ul>","protected":false},"featured_media":10247,"template":"","meta":{"_seopress_robots_primary_cat":"none","_seopress_titles_title":"Black Round Table (\u00d860x115)","_seopress_titles_desc":"Black Round Table (\u00d860x115) rental for your events | CO-NECT","_seopress_robots_index":""},"product_brand":[],"product_cat":[72],"product_tag":[],"class_list":{"0":"post-3829","1":"product","2":"type-product","3":"status-publish","4":"has-post-thumbnail","6":"product_cat-bar-tables-desks-tables","8":"first","9":"instock","10":"taxable","11":"shipping-taxable","12":"purchasable","13":"product-type-simple"},"yoast_head":"<!-- This site is optimized with the Yoast SEO plugin v27.2 - https:\/\/yoast.com\/product\/yoast-seo-wordpress\/ -->\n<title>Black Round Table - \u00d860x115<\/title>\n<meta name=\"description\" content=\"Location de Black Round Table - \u00d860x115 pour vos \u00e9v\u00e9nements | Co-nect\" \/>\n<meta name=\"robots\" content=\"index, follow, max-snippet:-1, max-image-preview:large, max-video-preview:-1\" \/>\n<link rel=\"canonical\" href=\"https:\/\/co-nect.definima.net\/en\/catalogue-mobilier\/tables-hautes-bureaux-tables-basses\/table-ronde-noire-tres-grande\/\" \/>\n<meta property=\"og:locale\" content=\"en_US\" \/>\n<meta property=\"og:type\" content=\"article\" \/>\n<meta property=\"og:title\" content=\"Black Round Table - \u00d860x115\" \/>\n<meta property=\"og:description\" content=\"Location de Black Round Table - \u00d860x115 pour vos \u00e9v\u00e9nements | Co-nect\" \/>\n<meta property=\"og:url\" content=\"https:\/\/co-nect.definima.net\/catalogue-mobilier\/tables-hautes-bureaux-tables-basses\/table-ronde-noire-tres-grande\/\" \/>\n<meta property=\"og:site_name\" content=\"Co-nect\" \/>\n<meta property=\"article:modified_time\" content=\"2024-01-18T11:28:17+00:00\" \/>\n<meta property=\"og:image\" content=\"https:\/\/co-nect.definima.net\/wp-content\/uploads\/2020\/01\/tab-16.jpg\" \/>\n\t<meta property=\"og:image:width\" content=\"512\" \/>\n\t<meta property=\"og:image:height\" content=\"512\" \/>\n\t<meta property=\"og:image:type\" content=\"image\/jpeg\" \/>\n<meta name=\"twitter:card\" content=\"summary_large_image\" \/>\n<script type=\"application\/ld+json\" class=\"yoast-schema-graph\">{\"@context\":\"https:\/\/schema.org\",\"@graph\":[{\"@type\":\"WebPage\",\"@id\":\"https:\/\/co-nect.definima.net\/catalogue-mobilier\/tables-hautes-bureaux-tables-basses\/table-ronde-noire-tres-grande\/\",\"url\":\"https:\/\/co-nect.definima.net\/catalogue-mobilier\/tables-hautes-bureaux-tables-basses\/table-ronde-noire-tres-grande\/\",\"name\":\"Black Round Table - \u00d860x115\",\"isPartOf\":{\"@id\":\"https:\/\/co-nect.definima.net\/#website\"},\"primaryImageOfPage\":{\"@id\":\"https:\/\/co-nect.definima.net\/catalogue-mobilier\/tables-hautes-bureaux-tables-basses\/table-ronde-noire-tres-grande\/#primaryimage\"},\"image\":{\"@id\":\"https:\/\/co-nect.definima.net\/catalogue-mobilier\/tables-hautes-bureaux-tables-basses\/table-ronde-noire-tres-grande\/#primaryimage\"},\"thumbnailUrl\":\"https:\/\/co-nect.definima.net\/wp-content\/uploads\/2020\/01\/tab-16.jpg\",\"datePublished\":\"2020-01-20T00:00:00+00:00\",\"dateModified\":\"2024-01-18T11:28:17+00:00\",\"description\":\"Location de Black Round Table - \u00d860x115 pour vos \u00e9v\u00e9nements | Co-nect\",\"breadcrumb\":{\"@id\":\"https:\/\/co-nect.definima.net\/catalogue-mobilier\/tables-hautes-bureaux-tables-basses\/table-ronde-noire-tres-grande\/#breadcrumb\"},\"inLanguage\":\"en-US\",\"potentialAction\":[{\"@type\":\"ReadAction\",\"target\":[\"https:\/\/co-nect.definima.net\/catalogue-mobilier\/tables-hautes-bureaux-tables-basses\/table-ronde-noire-tres-grande\/\"]}]},{\"@type\":\"ImageObject\",\"inLanguage\":\"en-US\",\"@id\":\"https:\/\/co-nect.definima.net\/catalogue-mobilier\/tables-hautes-bureaux-tables-basses\/table-ronde-noire-tres-grande\/#primaryimage\",\"url\":\"https:\/\/co-nect.definima.net\/wp-content\/uploads\/2020\/01\/tab-16.jpg\",\"contentUrl\":\"https:\/\/co-nect.definima.net\/wp-content\/uploads\/2020\/01\/tab-16.jpg\",\"width\":512,\"height\":512,\"caption\":\"tab16-black-round-table\"},{\"@type\":\"BreadcrumbList\",\"@id\":\"https:\/\/co-nect.definima.net\/catalogue-mobilier\/tables-hautes-bureaux-tables-basses\/table-ronde-noire-tres-grande\/#breadcrumb\",\"itemListElement\":[{\"@type\":\"ListItem\",\"position\":1,\"name\":\"Accueil\",\"item\":\"https:\/\/co-nect.definima.net\/en\/\"},{\"@type\":\"ListItem\",\"position\":2,\"name\":\"Furniture catalog\",\"item\":\"https:\/\/co-nect.definima.net\/catalogue-mobilier\/\"},{\"@type\":\"ListItem\",\"position\":3,\"name\":\"Black Round Table &#8211; \u00d860&#215;115\"}]},{\"@type\":\"WebSite\",\"@id\":\"https:\/\/co-nect.definima.net\/#website\",\"url\":\"https:\/\/co-nect.definima.net\/\",\"name\":\"Co-nect\",\"description\":\"Ma\u00eetre en \u00e9v\u00e9nements\",\"publisher\":{\"@id\":\"https:\/\/co-nect.definima.net\/#organization\"},\"potentialAction\":[{\"@type\":\"SearchAction\",\"target\":{\"@type\":\"EntryPoint\",\"urlTemplate\":\"https:\/\/co-nect.definima.net\/?s={search_term_string}\"},\"query-input\":{\"@type\":\"PropertyValueSpecification\",\"valueRequired\":true,\"valueName\":\"search_term_string\"}}],\"inLanguage\":\"en-US\"},{\"@type\":\"Organization\",\"@id\":\"https:\/\/co-nect.definima.net\/#organization\",\"name\":\"Les Ortigues\",\"url\":\"https:\/\/co-nect.definima.net\/\",\"logo\":{\"@type\":\"ImageObject\",\"inLanguage\":\"en-US\",\"@id\":\"https:\/\/co-nect.definima.net\/#\/schema\/logo\/image\/\",\"url\":\"\",\"contentUrl\":\"\",\"caption\":\"Les Ortigues\"},\"image\":{\"@id\":\"https:\/\/co-nect.definima.net\/#\/schema\/logo\/image\/\"}}]}<\/script>\n<!-- \/ Yoast SEO plugin. -->","yoast_head_json":{"title":"Black Round Table - \u00d860x115","description":"Location de Black Round Table - \u00d860x115 pour vos \u00e9v\u00e9nements | Co-nect","robots":{"index":"index","follow":"follow","max-snippet":"max-snippet:-1","max-image-preview":"max-image-preview:large","max-video-preview":"max-video-preview:-1"},"canonical":"https:\/\/co-nect.definima.net\/en\/catalogue-mobilier\/tables-hautes-bureaux-tables-basses\/table-ronde-noire-tres-grande\/","og_locale":"en_US","og_type":"article","og_title":"Black Round Table - \u00d860x115","og_description":"Location de Black Round Table - \u00d860x115 pour vos \u00e9v\u00e9nements | Co-nect","og_url":"https:\/\/co-nect.definima.net\/catalogue-mobilier\/tables-hautes-bureaux-tables-basses\/table-ronde-noire-tres-grande\/","og_site_name":"Co-nect","article_modified_time":"2024-01-18T11:28:17+00:00","og_image":[{"width":512,"height":512,"url":"https:\/\/co-nect.definima.net\/wp-content\/uploads\/2020\/01\/tab-16.jpg","type":"image\/jpeg"}],"twitter_card":"summary_large_image","schema":{"@context":"https:\/\/schema.org","@graph":[{"@type":"WebPage","@id":"https:\/\/co-nect.definima.net\/catalogue-mobilier\/tables-hautes-bureaux-tables-basses\/table-ronde-noire-tres-grande\/","url":"https:\/\/co-nect.definima.net\/catalogue-mobilier\/tables-hautes-bureaux-tables-basses\/table-ronde-noire-tres-grande\/","name":"Black Round Table - \u00d860x115","isPartOf":{"@id":"https:\/\/co-nect.definima.net\/#website"},"primaryImageOfPage":{"@id":"https:\/\/co-nect.definima.net\/catalogue-mobilier\/tables-hautes-bureaux-tables-basses\/table-ronde-noire-tres-grande\/#primaryimage"},"image":{"@id":"https:\/\/co-nect.definima.net\/catalogue-mobilier\/tables-hautes-bureaux-tables-basses\/table-ronde-noire-tres-grande\/#primaryimage"},"thumbnailUrl":"https:\/\/co-nect.definima.net\/wp-content\/uploads\/2020\/01\/tab-16.jpg","datePublished":"2020-01-20T00:00:00+00:00","dateModified":"2024-01-18T11:28:17+00:00","description":"Location de Black Round Table - \u00d860x115 pour vos \u00e9v\u00e9nements | Co-nect","breadcrumb":{"@id":"https:\/\/co-nect.definima.net\/catalogue-mobilier\/tables-hautes-bureaux-tables-basses\/table-ronde-noire-tres-grande\/#breadcrumb"},"inLanguage":"en-US","potentialAction":[{"@type":"ReadAction","target":["https:\/\/co-nect.definima.net\/catalogue-mobilier\/tables-hautes-bureaux-tables-basses\/table-ronde-noire-tres-grande\/"]}]},{"@type":"ImageObject","inLanguage":"en-US","@id":"https:\/\/co-nect.definima.net\/catalogue-mobilier\/tables-hautes-bureaux-tables-basses\/table-ronde-noire-tres-grande\/#primaryimage","url":"https:\/\/co-nect.definima.net\/wp-content\/uploads\/2020\/01\/tab-16.jpg","contentUrl":"https:\/\/co-nect.definima.net\/wp-content\/uploads\/2020\/01\/tab-16.jpg","width":512,"height":512,"caption":"tab16-black-round-table"},{"@type":"BreadcrumbList","@id":"https:\/\/co-nect.definima.net\/catalogue-mobilier\/tables-hautes-bureaux-tables-basses\/table-ronde-noire-tres-grande\/#breadcrumb","itemListElement":[{"@type":"ListItem","position":1,"name":"Accueil","item":"https:\/\/co-nect.definima.net\/en\/"},{"@type":"ListItem","position":2,"name":"Furniture catalog","item":"https:\/\/co-nect.definima.net\/catalogue-mobilier\/"},{"@type":"ListItem","position":3,"name":"Black Round Table &#8211; \u00d860&#215;115"}]},{"@type":"WebSite","@id":"https:\/\/co-nect.definima.net\/#website","url":"https:\/\/co-nect.definima.net\/","name":"Co-nect","description":"Ma\u00eetre en \u00e9v\u00e9nements","publisher":{"@id":"https:\/\/co-nect.definima.net\/#organization"},"potentialAction":[{"@type":"SearchAction","target":{"@type":"EntryPoint","urlTemplate":"https:\/\/co-nect.definima.net\/?s={search_term_string}"},"query-input":{"@type":"PropertyValueSpecification","valueRequired":true,"valueName":"search_term_string"}}],"inLanguage":"en-US"},{"@type":"Organization","@id":"https:\/\/co-nect.definima.net\/#organization","name":"Les Ortigues","url":"https:\/\/co-nect.definima.net\/","logo":{"@type":"ImageObject","inLanguage":"en-US","@id":"https:\/\/co-nect.definima.net\/#\/schema\/logo\/image\/","url":"","contentUrl":"","caption":"Les Ortigues"},"image":{"@id":"https:\/\/co-nect.definima.net\/#\/schema\/logo\/image\/"}}]}},"_links":{"self":[{"href":"https:\/\/co-nect.definima.net\/en\/wp-json\/wp\/v2\/product\/3829\/"}],"collection":[{"href":"https:\/\/co-nect.definima.net\/en\/wp-json\/wp\/v2\/product\/"}],"about":[{"href":"https:\/\/co-nect.definima.net\/en\/wp-json\/wp\/v2\/types\/product\/"}],"wp:featuredmedia":[{"embeddable":true,"href":"https:\/\/co-nect.definima.net\/en\/wp-json\/wp\/v2\/media\/10247\/"}],"wp:attachment":[{"href":"https:\/\/co-nect.definima.net\/en\/wp-json\/wp\/v2\/media\/?parent=3829"}],"wp:term":[{"taxonomy":"product_brand","embeddable":true,"href":"https:\/\/co-nect.definima.net\/en\/wp-json\/wp\/v2\/product_brand\/?post=3829"},{"taxonomy":"product_cat","embeddable":true,"href":"https:\/\/co-nect.definima.net\/en\/wp-json\/wp\/v2\/product_cat\/?post=3829"},{"taxonomy":"product_tag","embeddable":true,"href":"https:\/\/co-nect.definima.net\/en\/wp-json\/wp\/v2\/product_tag\/?post=3829"}],"curies":[{"name":"wp","href":"https:\/\/api.w.org\/{rel}","templated":true}]}}