{"id":13951,"date":"2024-01-10T10:29:49","date_gmt":"2024-01-10T09:29:49","guid":{"rendered":"https:\/\/www.co-nect.fr\/?post_type=product&#038;p=13951"},"modified":"2024-01-18T12:50:04","modified_gmt":"2024-01-18T11:50:04","slug":"step-table-height-110","status":"publish","type":"product","link":"https:\/\/co-nect.definima.net\/en\/catalogue-mobilier\/bar-tables-desks-tables\/step-table-height-110\/","title":{"rendered":"STEP Table (Height 110)"},"content":{"rendered":"","protected":false},"excerpt":{"rendered":"<ul>\r\n \t<li>Dimensions (\u00d8\/H) : 70 x 110<\/li>\r\n \t<li>Colour : Black<\/li>\r\n \t<li>Materials : Metal<\/li>\r\n \t<li>Storage : Compact Tilting Tabletop<\/li>\r\n \t<li>REF TAB81<\/li>\r\n<\/ul>","protected":false},"featured_media":13892,"template":"","meta":{"_seopress_robots_primary_cat":"","_seopress_titles_title":"","_seopress_titles_desc":"","_seopress_robots_index":""},"product_brand":[],"product_cat":[72],"product_tag":[],"class_list":{"0":"post-13951","1":"product","2":"type-product","3":"status-publish","4":"has-post-thumbnail","6":"product_cat-bar-tables-desks-tables","8":"first","9":"instock","10":"taxable","11":"shipping-taxable","12":"purchasable","13":"product-type-simple"},"yoast_head":"<!-- This site is optimized with the Yoast SEO plugin v27.2 - https:\/\/yoast.com\/product\/yoast-seo-wordpress\/ -->\n<title>STEP Table (Height 110)<\/title>\n<meta name=\"description\" content=\"Location de STEP Table (Height 110) pour vos \u00e9v\u00e9nements | Co-nect\" \/>\n<meta name=\"robots\" content=\"index, follow, max-snippet:-1, max-image-preview:large, max-video-preview:-1\" \/>\n<link rel=\"canonical\" href=\"https:\/\/co-nect.definima.net\/en\/catalogue-mobilier\/tables-hautes-bureaux-tables-basses\/table-step-noire-hauteur-109\/\" \/>\n<meta property=\"og:locale\" content=\"en_US\" \/>\n<meta property=\"og:type\" content=\"article\" \/>\n<meta property=\"og:title\" content=\"STEP Table (Height 110)\" \/>\n<meta property=\"og:description\" content=\"Location de STEP Table (Height 110) pour vos \u00e9v\u00e9nements | Co-nect\" \/>\n<meta property=\"og:url\" content=\"https:\/\/co-nect.definima.net\/catalogue-mobilier\/tables-hautes-bureaux-tables-basses\/table-step-noire-hauteur-109\/\" \/>\n<meta property=\"og:site_name\" content=\"Co-nect\" \/>\n<meta property=\"article:modified_time\" content=\"2024-01-18T11:50:04+00:00\" \/>\n<meta property=\"og:image\" content=\"https:\/\/co-nect.definima.net\/wp-content\/uploads\/2024\/01\/tab-81-table-step-noire-h109-copie.png\" \/>\n\t<meta property=\"og:image:width\" content=\"564\" \/>\n\t<meta property=\"og:image:height\" content=\"550\" \/>\n\t<meta property=\"og:image:type\" content=\"image\/png\" \/>\n<meta name=\"twitter:card\" content=\"summary_large_image\" \/>\n<script type=\"application\/ld+json\" class=\"yoast-schema-graph\">{\"@context\":\"https:\/\/schema.org\",\"@graph\":[{\"@type\":\"WebPage\",\"@id\":\"https:\/\/co-nect.definima.net\/catalogue-mobilier\/tables-hautes-bureaux-tables-basses\/table-step-noire-hauteur-109\/\",\"url\":\"https:\/\/co-nect.definima.net\/catalogue-mobilier\/tables-hautes-bureaux-tables-basses\/table-step-noire-hauteur-109\/\",\"name\":\"STEP Table (Height 110)\",\"isPartOf\":{\"@id\":\"https:\/\/co-nect.definima.net\/#website\"},\"primaryImageOfPage\":{\"@id\":\"https:\/\/co-nect.definima.net\/catalogue-mobilier\/tables-hautes-bureaux-tables-basses\/table-step-noire-hauteur-109\/#primaryimage\"},\"image\":{\"@id\":\"https:\/\/co-nect.definima.net\/catalogue-mobilier\/tables-hautes-bureaux-tables-basses\/table-step-noire-hauteur-109\/#primaryimage\"},\"thumbnailUrl\":\"https:\/\/co-nect.definima.net\/wp-content\/uploads\/2024\/01\/tab-81-table-step-noire-h109-copie.png\",\"datePublished\":\"2024-01-10T09:29:49+00:00\",\"dateModified\":\"2024-01-18T11:50:04+00:00\",\"description\":\"Location de STEP Table (Height 110) pour vos \u00e9v\u00e9nements | Co-nect\",\"breadcrumb\":{\"@id\":\"https:\/\/co-nect.definima.net\/catalogue-mobilier\/tables-hautes-bureaux-tables-basses\/table-step-noire-hauteur-109\/#breadcrumb\"},\"inLanguage\":\"en-US\",\"potentialAction\":[{\"@type\":\"ReadAction\",\"target\":[\"https:\/\/co-nect.definima.net\/catalogue-mobilier\/tables-hautes-bureaux-tables-basses\/table-step-noire-hauteur-109\/\"]}]},{\"@type\":\"ImageObject\",\"inLanguage\":\"en-US\",\"@id\":\"https:\/\/co-nect.definima.net\/catalogue-mobilier\/tables-hautes-bureaux-tables-basses\/table-step-noire-hauteur-109\/#primaryimage\",\"url\":\"https:\/\/co-nect.definima.net\/wp-content\/uploads\/2024\/01\/tab-81-table-step-noire-h109-copie.png\",\"contentUrl\":\"https:\/\/co-nect.definima.net\/wp-content\/uploads\/2024\/01\/tab-81-table-step-noire-h109-copie.png\",\"width\":564,\"height\":550},{\"@type\":\"BreadcrumbList\",\"@id\":\"https:\/\/co-nect.definima.net\/catalogue-mobilier\/tables-hautes-bureaux-tables-basses\/table-step-noire-hauteur-109\/#breadcrumb\",\"itemListElement\":[{\"@type\":\"ListItem\",\"position\":1,\"name\":\"Accueil\",\"item\":\"https:\/\/co-nect.definima.net\/en\/\"},{\"@type\":\"ListItem\",\"position\":2,\"name\":\"Furniture catalog\",\"item\":\"https:\/\/co-nect.definima.net\/catalogue-mobilier\/\"},{\"@type\":\"ListItem\",\"position\":3,\"name\":\"STEP Table (Height 110)\"}]},{\"@type\":\"WebSite\",\"@id\":\"https:\/\/co-nect.definima.net\/#website\",\"url\":\"https:\/\/co-nect.definima.net\/\",\"name\":\"Co-nect\",\"description\":\"Ma\u00eetre en \u00e9v\u00e9nements\",\"publisher\":{\"@id\":\"https:\/\/co-nect.definima.net\/#organization\"},\"potentialAction\":[{\"@type\":\"SearchAction\",\"target\":{\"@type\":\"EntryPoint\",\"urlTemplate\":\"https:\/\/co-nect.definima.net\/?s={search_term_string}\"},\"query-input\":{\"@type\":\"PropertyValueSpecification\",\"valueRequired\":true,\"valueName\":\"search_term_string\"}}],\"inLanguage\":\"en-US\"},{\"@type\":\"Organization\",\"@id\":\"https:\/\/co-nect.definima.net\/#organization\",\"name\":\"Les Ortigues\",\"url\":\"https:\/\/co-nect.definima.net\/\",\"logo\":{\"@type\":\"ImageObject\",\"inLanguage\":\"en-US\",\"@id\":\"https:\/\/co-nect.definima.net\/#\/schema\/logo\/image\/\",\"url\":\"\",\"contentUrl\":\"\",\"caption\":\"Les Ortigues\"},\"image\":{\"@id\":\"https:\/\/co-nect.definima.net\/#\/schema\/logo\/image\/\"}}]}<\/script>\n<!-- \/ Yoast SEO plugin. -->","yoast_head_json":{"title":"STEP Table (Height 110)","description":"Location de STEP Table (Height 110) pour vos \u00e9v\u00e9nements | Co-nect","robots":{"index":"index","follow":"follow","max-snippet":"max-snippet:-1","max-image-preview":"max-image-preview:large","max-video-preview":"max-video-preview:-1"},"canonical":"https:\/\/co-nect.definima.net\/en\/catalogue-mobilier\/tables-hautes-bureaux-tables-basses\/table-step-noire-hauteur-109\/","og_locale":"en_US","og_type":"article","og_title":"STEP Table (Height 110)","og_description":"Location de STEP Table (Height 110) pour vos \u00e9v\u00e9nements | Co-nect","og_url":"https:\/\/co-nect.definima.net\/catalogue-mobilier\/tables-hautes-bureaux-tables-basses\/table-step-noire-hauteur-109\/","og_site_name":"Co-nect","article_modified_time":"2024-01-18T11:50:04+00:00","og_image":[{"width":564,"height":550,"url":"https:\/\/co-nect.definima.net\/wp-content\/uploads\/2024\/01\/tab-81-table-step-noire-h109-copie.png","type":"image\/png"}],"twitter_card":"summary_large_image","schema":{"@context":"https:\/\/schema.org","@graph":[{"@type":"WebPage","@id":"https:\/\/co-nect.definima.net\/catalogue-mobilier\/tables-hautes-bureaux-tables-basses\/table-step-noire-hauteur-109\/","url":"https:\/\/co-nect.definima.net\/catalogue-mobilier\/tables-hautes-bureaux-tables-basses\/table-step-noire-hauteur-109\/","name":"STEP Table (Height 110)","isPartOf":{"@id":"https:\/\/co-nect.definima.net\/#website"},"primaryImageOfPage":{"@id":"https:\/\/co-nect.definima.net\/catalogue-mobilier\/tables-hautes-bureaux-tables-basses\/table-step-noire-hauteur-109\/#primaryimage"},"image":{"@id":"https:\/\/co-nect.definima.net\/catalogue-mobilier\/tables-hautes-bureaux-tables-basses\/table-step-noire-hauteur-109\/#primaryimage"},"thumbnailUrl":"https:\/\/co-nect.definima.net\/wp-content\/uploads\/2024\/01\/tab-81-table-step-noire-h109-copie.png","datePublished":"2024-01-10T09:29:49+00:00","dateModified":"2024-01-18T11:50:04+00:00","description":"Location de STEP Table (Height 110) pour vos \u00e9v\u00e9nements | Co-nect","breadcrumb":{"@id":"https:\/\/co-nect.definima.net\/catalogue-mobilier\/tables-hautes-bureaux-tables-basses\/table-step-noire-hauteur-109\/#breadcrumb"},"inLanguage":"en-US","potentialAction":[{"@type":"ReadAction","target":["https:\/\/co-nect.definima.net\/catalogue-mobilier\/tables-hautes-bureaux-tables-basses\/table-step-noire-hauteur-109\/"]}]},{"@type":"ImageObject","inLanguage":"en-US","@id":"https:\/\/co-nect.definima.net\/catalogue-mobilier\/tables-hautes-bureaux-tables-basses\/table-step-noire-hauteur-109\/#primaryimage","url":"https:\/\/co-nect.definima.net\/wp-content\/uploads\/2024\/01\/tab-81-table-step-noire-h109-copie.png","contentUrl":"https:\/\/co-nect.definima.net\/wp-content\/uploads\/2024\/01\/tab-81-table-step-noire-h109-copie.png","width":564,"height":550},{"@type":"BreadcrumbList","@id":"https:\/\/co-nect.definima.net\/catalogue-mobilier\/tables-hautes-bureaux-tables-basses\/table-step-noire-hauteur-109\/#breadcrumb","itemListElement":[{"@type":"ListItem","position":1,"name":"Accueil","item":"https:\/\/co-nect.definima.net\/en\/"},{"@type":"ListItem","position":2,"name":"Furniture catalog","item":"https:\/\/co-nect.definima.net\/catalogue-mobilier\/"},{"@type":"ListItem","position":3,"name":"STEP Table (Height 110)"}]},{"@type":"WebSite","@id":"https:\/\/co-nect.definima.net\/#website","url":"https:\/\/co-nect.definima.net\/","name":"Co-nect","description":"Ma\u00eetre en \u00e9v\u00e9nements","publisher":{"@id":"https:\/\/co-nect.definima.net\/#organization"},"potentialAction":[{"@type":"SearchAction","target":{"@type":"EntryPoint","urlTemplate":"https:\/\/co-nect.definima.net\/?s={search_term_string}"},"query-input":{"@type":"PropertyValueSpecification","valueRequired":true,"valueName":"search_term_string"}}],"inLanguage":"en-US"},{"@type":"Organization","@id":"https:\/\/co-nect.definima.net\/#organization","name":"Les Ortigues","url":"https:\/\/co-nect.definima.net\/","logo":{"@type":"ImageObject","inLanguage":"en-US","@id":"https:\/\/co-nect.definima.net\/#\/schema\/logo\/image\/","url":"","contentUrl":"","caption":"Les Ortigues"},"image":{"@id":"https:\/\/co-nect.definima.net\/#\/schema\/logo\/image\/"}}]}},"_links":{"self":[{"href":"https:\/\/co-nect.definima.net\/en\/wp-json\/wp\/v2\/product\/13951\/"}],"collection":[{"href":"https:\/\/co-nect.definima.net\/en\/wp-json\/wp\/v2\/product\/"}],"about":[{"href":"https:\/\/co-nect.definima.net\/en\/wp-json\/wp\/v2\/types\/product\/"}],"wp:featuredmedia":[{"embeddable":true,"href":"https:\/\/co-nect.definima.net\/en\/wp-json\/wp\/v2\/media\/13892\/"}],"wp:attachment":[{"href":"https:\/\/co-nect.definima.net\/en\/wp-json\/wp\/v2\/media\/?parent=13951"}],"wp:term":[{"taxonomy":"product_brand","embeddable":true,"href":"https:\/\/co-nect.definima.net\/en\/wp-json\/wp\/v2\/product_brand\/?post=13951"},{"taxonomy":"product_cat","embeddable":true,"href":"https:\/\/co-nect.definima.net\/en\/wp-json\/wp\/v2\/product_cat\/?post=13951"},{"taxonomy":"product_tag","embeddable":true,"href":"https:\/\/co-nect.definima.net\/en\/wp-json\/wp\/v2\/product_tag\/?post=13951"}],"curies":[{"name":"wp","href":"https:\/\/api.w.org\/{rel}","templated":true}]}}