{"id":8537,"date":"2021-04-07T12:23:26","date_gmt":"2021-04-07T10:23:26","guid":{"rendered":"https:\/\/www.co-nect.fr\/exhibition\/location-de-mobilier\/"},"modified":"2021-11-29T17:27:55","modified_gmt":"2021-11-29T17:27:55","slug":"location-de-mobilier","status":"publish","type":"page","link":"https:\/\/co-nect.definima.net\/en\/exhibition\/location-de-mobilier\/","title":{"rendered":"Furniture Rental"},"content":{"rendered":"","protected":false},"excerpt":{"rendered":"","protected":false},"author":1,"featured_media":12768,"parent":8429,"menu_order":0,"comment_status":"closed","ping_status":"closed","template":"page-offre.php","meta":{"_seopress_robots_primary_cat":"","_seopress_titles_title":"","_seopress_titles_desc":"","_seopress_robots_index":"","footnotes":""},"class_list":["post-8537","page","type-page","status-publish","has-post-thumbnail","hentry"],"yoast_head":"<!-- This site is optimized with the Yoast SEO plugin v27.3 - https:\/\/yoast.com\/product\/yoast-seo-wordpress\/ -->\n<title>Furniture Rental | Co-nect<\/title>\n<meta name=\"robots\" content=\"index, follow, max-snippet:-1, max-image-preview:large, max-video-preview:-1\" \/>\n<link rel=\"canonical\" href=\"https:\/\/co-nect.definima.net\/en\/exhibition\/location-de-mobilier\/\" \/>\n<meta property=\"og:locale\" content=\"en_US\" \/>\n<meta property=\"og:type\" content=\"article\" \/>\n<meta property=\"og:title\" content=\"Furniture Rental | Co-nect\" \/>\n<meta property=\"og:url\" content=\"https:\/\/co-nect.definima.net\/en\/exhibition\/location-de-mobilier\/\" \/>\n<meta property=\"og:site_name\" content=\"Co-nect\" \/>\n<meta property=\"article:modified_time\" content=\"2021-11-29T17:27:55+00:00\" \/>\n<meta property=\"og:image\" content=\"https:\/\/co-nect.definima.net\/wp-content\/uploads\/2022\/05\/location-mobilier.jpg\" \/>\n\t<meta property=\"og:image:width\" content=\"200\" \/>\n\t<meta property=\"og:image:height\" content=\"200\" \/>\n\t<meta property=\"og:image:type\" content=\"image\/jpeg\" \/>\n<meta name=\"twitter:card\" content=\"summary_large_image\" \/>\n<script type=\"application\/ld+json\" class=\"yoast-schema-graph\">{\"@context\":\"https:\\\/\\\/schema.org\",\"@graph\":[{\"@type\":\"WebPage\",\"@id\":\"https:\\\/\\\/co-nect.definima.net\\\/en\\\/exhibition\\\/location-de-mobilier\\\/\",\"url\":\"https:\\\/\\\/co-nect.definima.net\\\/en\\\/exhibition\\\/location-de-mobilier\\\/\",\"name\":\"Furniture Rental | Co-nect\",\"isPartOf\":{\"@id\":\"https:\\\/\\\/co-nect.definima.net\\\/#website\"},\"primaryImageOfPage\":{\"@id\":\"https:\\\/\\\/co-nect.definima.net\\\/en\\\/exhibition\\\/location-de-mobilier\\\/#primaryimage\"},\"image\":{\"@id\":\"https:\\\/\\\/co-nect.definima.net\\\/en\\\/exhibition\\\/location-de-mobilier\\\/#primaryimage\"},\"thumbnailUrl\":\"https:\\\/\\\/co-nect.definima.net\\\/wp-content\\\/uploads\\\/2022\\\/05\\\/location-mobilier.jpg\",\"datePublished\":\"2021-04-07T10:23:26+00:00\",\"dateModified\":\"2021-11-29T17:27:55+00:00\",\"breadcrumb\":{\"@id\":\"https:\\\/\\\/co-nect.definima.net\\\/en\\\/exhibition\\\/location-de-mobilier\\\/#breadcrumb\"},\"inLanguage\":\"en-US\",\"potentialAction\":[{\"@type\":\"ReadAction\",\"target\":[\"https:\\\/\\\/co-nect.definima.net\\\/en\\\/exhibition\\\/location-de-mobilier\\\/\"]}]},{\"@type\":\"ImageObject\",\"inLanguage\":\"en-US\",\"@id\":\"https:\\\/\\\/co-nect.definima.net\\\/en\\\/exhibition\\\/location-de-mobilier\\\/#primaryimage\",\"url\":\"https:\\\/\\\/co-nect.definima.net\\\/wp-content\\\/uploads\\\/2022\\\/05\\\/location-mobilier.jpg\",\"contentUrl\":\"https:\\\/\\\/co-nect.definima.net\\\/wp-content\\\/uploads\\\/2022\\\/05\\\/location-mobilier.jpg\",\"width\":200,\"height\":200,\"caption\":\"location-mobilier\"},{\"@type\":\"BreadcrumbList\",\"@id\":\"https:\\\/\\\/co-nect.definima.net\\\/en\\\/exhibition\\\/location-de-mobilier\\\/#breadcrumb\",\"itemListElement\":[{\"@type\":\"ListItem\",\"position\":1,\"name\":\"Accueil\",\"item\":\"https:\\\/\\\/co-nect.definima.net\\\/en\\\/\"},{\"@type\":\"ListItem\",\"position\":2,\"name\":\"Exhibition\",\"item\":\"https:\\\/\\\/co-nect.definima.net\\\/en\\\/exhibition\\\/\"},{\"@type\":\"ListItem\",\"position\":3,\"name\":\"Furniture Rental\"}]},{\"@type\":\"WebSite\",\"@id\":\"https:\\\/\\\/co-nect.definima.net\\\/#website\",\"url\":\"https:\\\/\\\/co-nect.definima.net\\\/\",\"name\":\"Co-nect\",\"description\":\"Ma\u00eetre en \u00e9v\u00e9nements\",\"publisher\":{\"@id\":\"https:\\\/\\\/co-nect.definima.net\\\/#organization\"},\"potentialAction\":[{\"@type\":\"SearchAction\",\"target\":{\"@type\":\"EntryPoint\",\"urlTemplate\":\"https:\\\/\\\/co-nect.definima.net\\\/?s={search_term_string}\"},\"query-input\":{\"@type\":\"PropertyValueSpecification\",\"valueRequired\":true,\"valueName\":\"search_term_string\"}}],\"inLanguage\":\"en-US\"},{\"@type\":\"Organization\",\"@id\":\"https:\\\/\\\/co-nect.definima.net\\\/#organization\",\"name\":\"Les Ortigues\",\"url\":\"https:\\\/\\\/co-nect.definima.net\\\/\",\"logo\":{\"@type\":\"ImageObject\",\"inLanguage\":\"en-US\",\"@id\":\"https:\\\/\\\/co-nect.definima.net\\\/#\\\/schema\\\/logo\\\/image\\\/\",\"url\":\"\",\"contentUrl\":\"\",\"caption\":\"Les Ortigues\"},\"image\":{\"@id\":\"https:\\\/\\\/co-nect.definima.net\\\/#\\\/schema\\\/logo\\\/image\\\/\"}}]}<\/script>\n<!-- \/ Yoast SEO plugin. -->","yoast_head_json":{"title":"Furniture Rental | Co-nect","robots":{"index":"index","follow":"follow","max-snippet":"max-snippet:-1","max-image-preview":"max-image-preview:large","max-video-preview":"max-video-preview:-1"},"canonical":"https:\/\/co-nect.definima.net\/en\/exhibition\/location-de-mobilier\/","og_locale":"en_US","og_type":"article","og_title":"Furniture Rental | Co-nect","og_url":"https:\/\/co-nect.definima.net\/en\/exhibition\/location-de-mobilier\/","og_site_name":"Co-nect","article_modified_time":"2021-11-29T17:27:55+00:00","og_image":[{"width":200,"height":200,"url":"https:\/\/co-nect.definima.net\/wp-content\/uploads\/2022\/05\/location-mobilier.jpg","type":"image\/jpeg"}],"twitter_card":"summary_large_image","schema":{"@context":"https:\/\/schema.org","@graph":[{"@type":"WebPage","@id":"https:\/\/co-nect.definima.net\/en\/exhibition\/location-de-mobilier\/","url":"https:\/\/co-nect.definima.net\/en\/exhibition\/location-de-mobilier\/","name":"Furniture Rental | Co-nect","isPartOf":{"@id":"https:\/\/co-nect.definima.net\/#website"},"primaryImageOfPage":{"@id":"https:\/\/co-nect.definima.net\/en\/exhibition\/location-de-mobilier\/#primaryimage"},"image":{"@id":"https:\/\/co-nect.definima.net\/en\/exhibition\/location-de-mobilier\/#primaryimage"},"thumbnailUrl":"https:\/\/co-nect.definima.net\/wp-content\/uploads\/2022\/05\/location-mobilier.jpg","datePublished":"2021-04-07T10:23:26+00:00","dateModified":"2021-11-29T17:27:55+00:00","breadcrumb":{"@id":"https:\/\/co-nect.definima.net\/en\/exhibition\/location-de-mobilier\/#breadcrumb"},"inLanguage":"en-US","potentialAction":[{"@type":"ReadAction","target":["https:\/\/co-nect.definima.net\/en\/exhibition\/location-de-mobilier\/"]}]},{"@type":"ImageObject","inLanguage":"en-US","@id":"https:\/\/co-nect.definima.net\/en\/exhibition\/location-de-mobilier\/#primaryimage","url":"https:\/\/co-nect.definima.net\/wp-content\/uploads\/2022\/05\/location-mobilier.jpg","contentUrl":"https:\/\/co-nect.definima.net\/wp-content\/uploads\/2022\/05\/location-mobilier.jpg","width":200,"height":200,"caption":"location-mobilier"},{"@type":"BreadcrumbList","@id":"https:\/\/co-nect.definima.net\/en\/exhibition\/location-de-mobilier\/#breadcrumb","itemListElement":[{"@type":"ListItem","position":1,"name":"Accueil","item":"https:\/\/co-nect.definima.net\/en\/"},{"@type":"ListItem","position":2,"name":"Exhibition","item":"https:\/\/co-nect.definima.net\/en\/exhibition\/"},{"@type":"ListItem","position":3,"name":"Furniture Rental"}]},{"@type":"WebSite","@id":"https:\/\/co-nect.definima.net\/#website","url":"https:\/\/co-nect.definima.net\/","name":"Co-nect","description":"Ma\u00eetre en \u00e9v\u00e9nements","publisher":{"@id":"https:\/\/co-nect.definima.net\/#organization"},"potentialAction":[{"@type":"SearchAction","target":{"@type":"EntryPoint","urlTemplate":"https:\/\/co-nect.definima.net\/?s={search_term_string}"},"query-input":{"@type":"PropertyValueSpecification","valueRequired":true,"valueName":"search_term_string"}}],"inLanguage":"en-US"},{"@type":"Organization","@id":"https:\/\/co-nect.definima.net\/#organization","name":"Les Ortigues","url":"https:\/\/co-nect.definima.net\/","logo":{"@type":"ImageObject","inLanguage":"en-US","@id":"https:\/\/co-nect.definima.net\/#\/schema\/logo\/image\/","url":"","contentUrl":"","caption":"Les Ortigues"},"image":{"@id":"https:\/\/co-nect.definima.net\/#\/schema\/logo\/image\/"}}]}},"_links":{"self":[{"href":"https:\/\/co-nect.definima.net\/en\/wp-json\/wp\/v2\/pages\/8537","targetHints":{"allow":["GET"]}}],"collection":[{"href":"https:\/\/co-nect.definima.net\/en\/wp-json\/wp\/v2\/pages"}],"about":[{"href":"https:\/\/co-nect.definima.net\/en\/wp-json\/wp\/v2\/types\/page"}],"author":[{"embeddable":true,"href":"https:\/\/co-nect.definima.net\/en\/wp-json\/wp\/v2\/users\/1"}],"replies":[{"embeddable":true,"href":"https:\/\/co-nect.definima.net\/en\/wp-json\/wp\/v2\/comments?post=8537"}],"version-history":[{"count":0,"href":"https:\/\/co-nect.definima.net\/en\/wp-json\/wp\/v2\/pages\/8537\/revisions"}],"up":[{"embeddable":true,"href":"https:\/\/co-nect.definima.net\/en\/wp-json\/wp\/v2\/pages\/8429"}],"wp:featuredmedia":[{"embeddable":true,"href":"https:\/\/co-nect.definima.net\/en\/wp-json\/wp\/v2\/media\/12768"}],"wp:attachment":[{"href":"https:\/\/co-nect.definima.net\/en\/wp-json\/wp\/v2\/media?parent=8537"}],"curies":[{"name":"wp","href":"https:\/\/api.w.org\/{rel}","templated":true}]}}