{"id":8499,"date":"2021-04-23T08:46:52","date_gmt":"2021-04-23T06:46:52","guid":{"rendered":"https:\/\/www.co-nect.fr\/design\/stand-eco-modulable\/"},"modified":"2021-11-29T18:21:03","modified_gmt":"2021-11-29T18:21:03","slug":"stand-eco-modulable","status":"publish","type":"page","link":"https:\/\/co-nect.definima.net\/en\/design\/stand-eco-modulable\/","title":{"rendered":"Eco-modulable stands"},"content":{"rendered":"","protected":false},"excerpt":{"rendered":"","protected":false},"author":1,"featured_media":6762,"parent":8420,"menu_order":0,"comment_status":"closed","ping_status":"closed","template":"page-offre-3.php","meta":{"_seopress_robots_primary_cat":"","_seopress_titles_title":"","_seopress_titles_desc":"","_seopress_robots_index":"","footnotes":""},"class_list":["post-8499","page","type-page","status-publish","has-post-thumbnail","hentry"],"yoast_head":"<!-- This site is optimized with the Yoast SEO plugin v27.2 - https:\/\/yoast.com\/product\/yoast-seo-wordpress\/ -->\n<title>Eco-modulable stands | Co-nect<\/title>\n<meta name=\"robots\" content=\"index, follow, max-snippet:-1, max-image-preview:large, max-video-preview:-1\" \/>\n<link rel=\"canonical\" href=\"https:\/\/co-nect.definima.net\/en\/design\/stand-eco-modulable\/\" \/>\n<meta property=\"og:locale\" content=\"en_US\" \/>\n<meta property=\"og:type\" content=\"article\" \/>\n<meta property=\"og:title\" content=\"Eco-modulable stands | Co-nect\" \/>\n<meta property=\"og:url\" content=\"https:\/\/co-nect.definima.net\/design\/stand-eco-modulable\/\" \/>\n<meta property=\"og:site_name\" content=\"Co-nect\" \/>\n<meta property=\"article:modified_time\" content=\"2021-11-29T18:21:03+00:00\" \/>\n<meta property=\"og:image\" content=\"https:\/\/co-nect.definima.net\/wp-content\/uploads\/2021\/04\/offre-stand-eco-modulable-1.png\" \/>\n\t<meta property=\"og:image:width\" content=\"519\" \/>\n\t<meta property=\"og:image:height\" content=\"519\" \/>\n\t<meta property=\"og:image:type\" content=\"image\/png\" \/>\n<meta name=\"twitter:card\" content=\"summary_large_image\" \/>\n<script type=\"application\/ld+json\" class=\"yoast-schema-graph\">{\"@context\":\"https:\/\/schema.org\",\"@graph\":[{\"@type\":\"WebPage\",\"@id\":\"https:\/\/co-nect.definima.net\/design\/stand-eco-modulable\/\",\"url\":\"https:\/\/co-nect.definima.net\/design\/stand-eco-modulable\/\",\"name\":\"Eco-modulable stands | Co-nect\",\"isPartOf\":{\"@id\":\"https:\/\/co-nect.definima.net\/#website\"},\"primaryImageOfPage\":{\"@id\":\"https:\/\/co-nect.definima.net\/design\/stand-eco-modulable\/#primaryimage\"},\"image\":{\"@id\":\"https:\/\/co-nect.definima.net\/design\/stand-eco-modulable\/#primaryimage\"},\"thumbnailUrl\":\"https:\/\/co-nect.definima.net\/wp-content\/uploads\/2021\/04\/offre-stand-eco-modulable-1.png\",\"datePublished\":\"2021-04-23T06:46:52+00:00\",\"dateModified\":\"2021-11-29T18:21:03+00:00\",\"breadcrumb\":{\"@id\":\"https:\/\/co-nect.definima.net\/design\/stand-eco-modulable\/#breadcrumb\"},\"inLanguage\":\"en-US\",\"potentialAction\":[{\"@type\":\"ReadAction\",\"target\":[\"https:\/\/co-nect.definima.net\/design\/stand-eco-modulable\/\"]}]},{\"@type\":\"ImageObject\",\"inLanguage\":\"en-US\",\"@id\":\"https:\/\/co-nect.definima.net\/design\/stand-eco-modulable\/#primaryimage\",\"url\":\"https:\/\/co-nect.definima.net\/wp-content\/uploads\/2021\/04\/offre-stand-eco-modulable-1.png\",\"contentUrl\":\"https:\/\/co-nect.definima.net\/wp-content\/uploads\/2021\/04\/offre-stand-eco-modulable-1.png\",\"width\":519,\"height\":519},{\"@type\":\"BreadcrumbList\",\"@id\":\"https:\/\/co-nect.definima.net\/design\/stand-eco-modulable\/#breadcrumb\",\"itemListElement\":[{\"@type\":\"ListItem\",\"position\":1,\"name\":\"Accueil\",\"item\":\"https:\/\/co-nect.definima.net\/en\/\"},{\"@type\":\"ListItem\",\"position\":2,\"name\":\"Design\",\"item\":\"https:\/\/co-nect.definima.net\/design\/\"},{\"@type\":\"ListItem\",\"position\":3,\"name\":\"Eco-modulable stands\"}]},{\"@type\":\"WebSite\",\"@id\":\"https:\/\/co-nect.definima.net\/#website\",\"url\":\"https:\/\/co-nect.definima.net\/\",\"name\":\"Co-nect\",\"description\":\"Ma\u00eetre en \u00e9v\u00e9nements\",\"publisher\":{\"@id\":\"https:\/\/co-nect.definima.net\/#organization\"},\"potentialAction\":[{\"@type\":\"SearchAction\",\"target\":{\"@type\":\"EntryPoint\",\"urlTemplate\":\"https:\/\/co-nect.definima.net\/?s={search_term_string}\"},\"query-input\":{\"@type\":\"PropertyValueSpecification\",\"valueRequired\":true,\"valueName\":\"search_term_string\"}}],\"inLanguage\":\"en-US\"},{\"@type\":\"Organization\",\"@id\":\"https:\/\/co-nect.definima.net\/#organization\",\"name\":\"Les Ortigues\",\"url\":\"https:\/\/co-nect.definima.net\/\",\"logo\":{\"@type\":\"ImageObject\",\"inLanguage\":\"en-US\",\"@id\":\"https:\/\/co-nect.definima.net\/#\/schema\/logo\/image\/\",\"url\":\"\",\"contentUrl\":\"\",\"caption\":\"Les Ortigues\"},\"image\":{\"@id\":\"https:\/\/co-nect.definima.net\/#\/schema\/logo\/image\/\"}}]}<\/script>\n<!-- \/ Yoast SEO plugin. -->","yoast_head_json":{"title":"Eco-modulable stands | Co-nect","robots":{"index":"index","follow":"follow","max-snippet":"max-snippet:-1","max-image-preview":"max-image-preview:large","max-video-preview":"max-video-preview:-1"},"canonical":"https:\/\/co-nect.definima.net\/en\/design\/stand-eco-modulable\/","og_locale":"en_US","og_type":"article","og_title":"Eco-modulable stands | Co-nect","og_url":"https:\/\/co-nect.definima.net\/design\/stand-eco-modulable\/","og_site_name":"Co-nect","article_modified_time":"2021-11-29T18:21:03+00:00","og_image":[{"width":519,"height":519,"url":"https:\/\/co-nect.definima.net\/wp-content\/uploads\/2021\/04\/offre-stand-eco-modulable-1.png","type":"image\/png"}],"twitter_card":"summary_large_image","schema":{"@context":"https:\/\/schema.org","@graph":[{"@type":"WebPage","@id":"https:\/\/co-nect.definima.net\/design\/stand-eco-modulable\/","url":"https:\/\/co-nect.definima.net\/design\/stand-eco-modulable\/","name":"Eco-modulable stands | Co-nect","isPartOf":{"@id":"https:\/\/co-nect.definima.net\/#website"},"primaryImageOfPage":{"@id":"https:\/\/co-nect.definima.net\/design\/stand-eco-modulable\/#primaryimage"},"image":{"@id":"https:\/\/co-nect.definima.net\/design\/stand-eco-modulable\/#primaryimage"},"thumbnailUrl":"https:\/\/co-nect.definima.net\/wp-content\/uploads\/2021\/04\/offre-stand-eco-modulable-1.png","datePublished":"2021-04-23T06:46:52+00:00","dateModified":"2021-11-29T18:21:03+00:00","breadcrumb":{"@id":"https:\/\/co-nect.definima.net\/design\/stand-eco-modulable\/#breadcrumb"},"inLanguage":"en-US","potentialAction":[{"@type":"ReadAction","target":["https:\/\/co-nect.definima.net\/design\/stand-eco-modulable\/"]}]},{"@type":"ImageObject","inLanguage":"en-US","@id":"https:\/\/co-nect.definima.net\/design\/stand-eco-modulable\/#primaryimage","url":"https:\/\/co-nect.definima.net\/wp-content\/uploads\/2021\/04\/offre-stand-eco-modulable-1.png","contentUrl":"https:\/\/co-nect.definima.net\/wp-content\/uploads\/2021\/04\/offre-stand-eco-modulable-1.png","width":519,"height":519},{"@type":"BreadcrumbList","@id":"https:\/\/co-nect.definima.net\/design\/stand-eco-modulable\/#breadcrumb","itemListElement":[{"@type":"ListItem","position":1,"name":"Accueil","item":"https:\/\/co-nect.definima.net\/en\/"},{"@type":"ListItem","position":2,"name":"Design","item":"https:\/\/co-nect.definima.net\/design\/"},{"@type":"ListItem","position":3,"name":"Eco-modulable stands"}]},{"@type":"WebSite","@id":"https:\/\/co-nect.definima.net\/#website","url":"https:\/\/co-nect.definima.net\/","name":"Co-nect","description":"Ma\u00eetre en \u00e9v\u00e9nements","publisher":{"@id":"https:\/\/co-nect.definima.net\/#organization"},"potentialAction":[{"@type":"SearchAction","target":{"@type":"EntryPoint","urlTemplate":"https:\/\/co-nect.definima.net\/?s={search_term_string}"},"query-input":{"@type":"PropertyValueSpecification","valueRequired":true,"valueName":"search_term_string"}}],"inLanguage":"en-US"},{"@type":"Organization","@id":"https:\/\/co-nect.definima.net\/#organization","name":"Les Ortigues","url":"https:\/\/co-nect.definima.net\/","logo":{"@type":"ImageObject","inLanguage":"en-US","@id":"https:\/\/co-nect.definima.net\/#\/schema\/logo\/image\/","url":"","contentUrl":"","caption":"Les Ortigues"},"image":{"@id":"https:\/\/co-nect.definima.net\/#\/schema\/logo\/image\/"}}]}},"_links":{"self":[{"href":"https:\/\/co-nect.definima.net\/en\/wp-json\/wp\/v2\/pages\/8499\/"}],"collection":[{"href":"https:\/\/co-nect.definima.net\/en\/wp-json\/wp\/v2\/pages\/"}],"about":[{"href":"https:\/\/co-nect.definima.net\/en\/wp-json\/wp\/v2\/types\/page\/"}],"author":[{"embeddable":true,"href":"https:\/\/co-nect.definima.net\/en\/wp-json\/wp\/v2\/users\/1\/"}],"replies":[{"embeddable":true,"href":"https:\/\/co-nect.definima.net\/en\/wp-json\/wp\/v2\/comments\/?post=8499"}],"version-history":[{"count":0,"href":"https:\/\/co-nect.definima.net\/en\/wp-json\/wp\/v2\/pages\/8499\/revisions\/"}],"up":[{"embeddable":true,"href":"https:\/\/co-nect.definima.net\/en\/wp-json\/wp\/v2\/pages\/8420\/"}],"wp:featuredmedia":[{"embeddable":true,"href":"https:\/\/co-nect.definima.net\/en\/wp-json\/wp\/v2\/media\/6762\/"}],"wp:attachment":[{"href":"https:\/\/co-nect.definima.net\/en\/wp-json\/wp\/v2\/media\/?parent=8499"}],"curies":[{"name":"wp","href":"https:\/\/api.w.org\/{rel}","templated":true}]}}