{"id":3522,"date":"2020-01-13T08:52:16","date_gmt":"2020-01-13T07:52:16","guid":{"rendered":"https:\/\/www.co-nect.fr\/mentions-legales\/"},"modified":"2021-11-22T13:36:08","modified_gmt":"2021-11-22T13:36:08","slug":"legal-information","status":"publish","type":"page","link":"https:\/\/co-nect.definima.net\/en\/legal-information\/","title":{"rendered":"Legal information"},"content":{"rendered":"\n<p>Please read carefully the various terms and conditions for use of this site before browsing its pages. By accessing this site, you agree to abide these terms and conditions with no reserves. Also, in accordance with article n\u00b06 of Law n\u00b02004-575 of 21 June 2004 for confidence in the digital economy, the persons in charge of this website <a href=\"https:\/\/co-nect.definima.net\/\">www.co-nect.fr<\/a> are:<\/p>\n\n\n\n<h3 class=\"wp-block-heading\"><strong>Website<\/strong> publisher:<\/h3>\n\n\n\n<p><strong>Co-nect<\/strong><\/p>\n\n\n\n<p>Address : Zone d&#8217;Activit\u00e9s Bois de Lion &#8211;\n33240 &#8211; PEUJARD<\/p>\n\n\n\n<p>SIRET\nnumber: 351 356 241 00023<\/p>\n\n\n\n<p>Director\nof publication: Philippe Rondot<\/p>\n\n\n\n<p>Telephone:\n+33 (0)5 57 94 80 80<\/p>\n\n\n\n<p>Email: <a href=\"mailto:contact@lesortigues.com\">contact@lesortigues.com<\/a><\/p>\n\n\n\n<p> Website: <a href=\"https:\/\/co-nect.definima.net\/\">www.co-nect.fr<\/a><\/p>\n\n\n\n<h3 class=\"wp-block-heading\"><strong>Hosting<\/strong> and Development:<\/h3>\n\n\n\n<p><strong>Definima<\/strong><\/p>\n\n\n\n<p>Adress : 83 rue de Catoy \u2013 33170 Gradignan.<\/p>\n\n\n\n<p>Website : <a href=\"http:\/\/definima.com\/\">www.definima.com<\/a>.<\/p>\n\n\n\n<h3 class=\"wp-block-heading\"><strong>Terms and conditions<\/strong> of use:<\/h3>\n\n\n\n<p>To use the Website and its functions appropriately we recommend you to use browsers such as Internet explorer, Safari, Firefox, Google Chrome, etc&#8230;<\/p>\n\n\n\n<p>Co-nect implements the best means at its disposal to ensure reliable contents and updating. Nevertheless, errors or omissions may occur.it is the Users\u2019 responsibility to check the accuracy of the Contents.<\/p>\n\n\n\n<p>The Internet user must therefore check the accuracy of the information with Les Ortigues, and report any changes to the site that he or she deems useful. Les Ortigues is in no way responsible for the use made of this information, nor for any direct or indirect prejudice that may result from it.<\/p>\n\n\n\n<h3 class=\"wp-block-heading\"><strong>Cookies<\/strong> policy:<\/h3>\n\n\n\n<p>The site <a href=\"https:\/\/co-nect.definima.net\/\">www.co-nect.fr <\/a>may ask you to accept cookies for statistical and display purposes.<\/p>\n\n\n\n<p>Cookies are small pieces of text used to store information on web browsers by the server of the site you are visiting. They are used to stored data stored on your computer in a simple text file used to accesses to read and record information.<\/p>\n\n\n\n<p>Certain parts of this site cannot be functional without accepting cookies.<\/p>\n\n\n\n<p><a href=\"https:\/\/co-nect.definima.net\/en\/politique-de-confidentialite\/\">Click here<\/a>  to learn more about the personal data collected and the use that the website makes of it through cookies and how to set the information that you accept to be included in the cookies (find more information in the privacy policy &amp; GDPR section). <\/p>\n\n\n\n<h3 class=\"wp-block-heading\"><strong>Hypertext<\/strong> links:<\/h3>\n\n\n\n<p>The websites of may offer links to other websites or other resources available on the Internet.<\/p>\n\n\n\n<p>Co-nect will endeavour to deploy proven technical systems likely to provide the required functions of the Website. <\/p>\n\n\n\n<p>Nevertheless, Co-nect is not responsible for, nor can guarantee the availability of external sites or source., It may not be held liable for any damage, of any nature whatsoever, resulting from the content of these sites or sources, and in particular the information, products or services they offer, or any use that may be made of these elements. The user is responsible for all risks associated with such use must comply with their conditions of use.<\/p>\n\n\n\n<p>&nbsp;The use of hyperlink about and referring to the website without prior written authorisation from Co-NECT is strictly prohibited. In the event that a user or visitor wishers to establish a hyperlink to a Co-nect website. The User can obtain an authorisation via the contact form on our website. Co-nect reserves the right to refuse with no justification.<\/p>\n\n\n\n<h3 class=\"wp-block-heading\"><strong>Services<\/strong> provided:<\/h3>\n\n\n\n<p>All the company&#8217;s activities services, and information are presented on our website <a href=\"https:\/\/co-nect.definima.net\/\">www.co-nect.fr<\/a>.<\/p>\n\n\n\n<p>Co-nect endeavours to provide the most accurate information possible on the <a href=\"https:\/\/co-nect.definima.net\/\">www.co-nect.fr <\/a>The information on the <a href=\"https:\/\/co-nect.definima.net\/\">www.co-nect.fr <\/a>is not exhaustive and the photos not contractual.<\/p>\n\n\n\n<p>They are given subject to modifications that may have occurred being put online. Furthermore, all the information indicated on the <a href=\"https:\/\/co-nect.definima.net\/\">www.co-nect.fr <\/a>website is given for information only, and is liable to change or evolve without notice.<\/p>\n\n\n\n<h3 class=\"wp-block-heading\"><strong>Contractual limitation<\/strong> on data:<\/h3>\n\n\n\n<p>The information included on this site is as accurate as possible and the site is updated at different times of the year, but nevertheless inaccuracies or omissions may occur.<\/p>\n\n\n\n<p>If you notice a flaw, error or what appears to be a malfunction, please report it by email at <strong><a href=\"mailto:communication@co-nect.fr\">communication@co-nect.fr<\/a><\/strong>. describing the problem as precisely as possible (page causing the problem, type of computer and browser used, etc.).<\/p>\n\n\n\n<p>Any content downloaded is at the user&#8217;s own risk and under his sole responsibility. Consequently, no liability can be accepted for any damage to the user&#8217;s computer or loss of data resulting from downloading. In addition, the user of the site undertakes to access the site using recent, virus-free equipment and with a latest-generation, up-to-date browser.<\/p>\n\n\n\n<p>Les Ortigues cannot be held responsible for the hypertext links set up within the framework of this website to other resources on the Internet.<\/p>\n\n\n\n<h3 class=\"wp-block-heading\"><strong>Intellectual<\/strong> property:<\/h3>\n\n\n\n<p>All contents of the present on the website, including, but not limited to, the graphics, texts and their formatting are the exclusive property of the company with the exception of brands, logos, pictograms, images or content belonging to other partner companies or authors.<\/p>\n\n\n\n<p>Any reproduction, distribution, modification, adaptation, retransmission or publication, even partial, of these different elements is strictly forbidden without the express written agreement of Co-nect.<\/p>\n\n\n\n<p>This representation or reproduction, by any process whatsoever, constitutes an infringement punishable by article L.335-2 of the Intellectual Property Code. Failure to comply with this restriction constitutes an infringement of the law and may result in the civil and criminal liability of the falsifier. Furthermore, the owners of the copied Content may take legal action.<\/p>\n\n\n\n<h3 class=\"wp-block-heading\"><strong>Litigation<\/strong>:<\/h3>\n\n\n\n<p>The present terms and conditions of the <a href=\"https:\/\/co-nect.definima.net\/\">www.co-nect.fr <\/a>website are subjected to French law and any dispute or litigation that may arise from the interpretation or execution of these terms and conditions shall be the exclusive competence of the courts to which the company&#8217;s registered office belongs. The language of reference, for the settlement of any disputes, is French.<\/p>\n\n\n\n<h3 class=\"wp-block-heading\"><strong>Personal<\/strong> data:<\/h3>\n\n\n\n<p>Co-nect may collect your personal data, in particular when you create your account, buy online, via the &#8220;Contact&#8221; section, or when you subscribe to the electronic Newsletter proposed&nbsp;by Co-nect. When you provide personal data, you undertake to communicate information that is accurate and not prejudicial to the interests or rights of third parties.<\/p>\n\n\n\n<p>To consult and visit the site, you do not have to provide any personal data. On the other hand, with the exception of those expressly identified as optional, all information requested by Co-nect is obligatory and in the event to fail to reply to one of the questions or refuse to communicate certain information, Co-nect will be unable to proceed with the creation of your account, to take your order into account, or to send you the Newsletter.<\/p>\n\n\n\n<p>If you wish to close your account or no longer receive the Newsletter, you can notify Co-nect either by sending an email to the address mentioned below or, as regards the Newsletter, by clicking on the hypertext link &#8220;unsubscribe&#8221; appearing directly on each issue of the Newsletter.<\/p>\n\n\n\n<p>Co-nect&nbsp;undertakes to preserve the confidentiality of your personal data. In accordance with the French Data Protection Act of 6 January 1978, as amended by the Act of 6 August 2004, the Site has been declared to the CNIL and you have the right to access, modify and delete your personal data. <\/p>\n\n\n\n<p>You may exercise your rights:<\/p>\n\n\n\n<p>By post: Co-nect,&nbsp;Zone d&#8217;Activit\u00e9s Bois de Lion- 33240 &#8211; PEUJARD (Postage fees for exercising these rights will be reimbursed on request).<\/p>\n\n\n\n<p>Or by telephone on +33 (0)5 57 94 80 80.<\/p>\n\n\n\n<p>Or by e-mail: <strong><a href=\"mailto:communication@co-nect.fr\">communication@co-nect.fr<\/a><\/strong>.<\/p>\n","protected":false},"excerpt":{"rendered":"Please read carefully the various terms and conditions for use of this site before browsing its pages. By accessing this site, you agree to abide these terms and conditions with no reserves. Also, in accordance with article n\u00b06 of Law n\u00b02004-575 of 21 June 2004 for confidence in the digital economy, the persons in charge&#8230; <a class=\"view-article\" href=\"https:\/\/co-nect.definima.net\/en\/legal-information\/\">View Article<\/a>","protected":false},"author":6,"featured_media":0,"parent":0,"menu_order":0,"comment_status":"closed","ping_status":"closed","template":"","meta":{"_seopress_robots_primary_cat":"","_seopress_titles_title":"","_seopress_titles_desc":"","_seopress_robots_index":"yes","footnotes":""},"class_list":["post-3522","page","type-page","status-publish","hentry"],"yoast_head":"<!-- This site is optimized with the Yoast SEO plugin v27.3 - https:\/\/yoast.com\/product\/yoast-seo-wordpress\/ -->\n<title>Legal information | Co-nect<\/title>\n<meta name=\"robots\" content=\"index, follow, max-snippet:-1, max-image-preview:large, max-video-preview:-1\" \/>\n<link rel=\"canonical\" href=\"https:\/\/co-nect.definima.net\/mentions-legales\/\" \/>\n<meta property=\"og:locale\" content=\"en_US\" \/>\n<meta property=\"og:type\" content=\"article\" \/>\n<meta property=\"og:title\" content=\"Legal information | Co-nect\" \/>\n<meta property=\"og:description\" content=\"Please read carefully the various terms and conditions for use of this site before browsing its pages. By accessing this site, you agree to abide these terms and conditions with no reserves. Also, in accordance with article n\u00b06 of Law n\u00b02004-575 of 21 June 2004 for confidence in the digital economy, the persons in charge... View Article\" \/>\n<meta property=\"og:url\" content=\"https:\/\/co-nect.definima.net\/mentions-legales\/\" \/>\n<meta property=\"og:site_name\" content=\"Co-nect\" \/>\n<meta property=\"article:modified_time\" content=\"2021-11-22T13:36:08+00:00\" \/>\n<meta name=\"twitter:card\" content=\"summary_large_image\" \/>\n<meta name=\"twitter:label1\" content=\"Est. reading time\" \/>\n\t<meta name=\"twitter:data1\" content=\"6 minutes\" \/>\n<script type=\"application\/ld+json\" class=\"yoast-schema-graph\">{\"@context\":\"https:\\\/\\\/schema.org\",\"@graph\":[{\"@type\":\"WebPage\",\"@id\":\"https:\\\/\\\/co-nect.definima.net\\\/mentions-legales\\\/\",\"url\":\"https:\\\/\\\/co-nect.definima.net\\\/mentions-legales\\\/\",\"name\":\"Legal information | Co-nect\",\"isPartOf\":{\"@id\":\"https:\\\/\\\/co-nect.definima.net\\\/#website\"},\"datePublished\":\"2020-01-13T07:52:16+00:00\",\"dateModified\":\"2021-11-22T13:36:08+00:00\",\"breadcrumb\":{\"@id\":\"https:\\\/\\\/co-nect.definima.net\\\/mentions-legales\\\/#breadcrumb\"},\"inLanguage\":\"en-US\",\"potentialAction\":[{\"@type\":\"ReadAction\",\"target\":[\"https:\\\/\\\/co-nect.definima.net\\\/mentions-legales\\\/\"]}]},{\"@type\":\"BreadcrumbList\",\"@id\":\"https:\\\/\\\/co-nect.definima.net\\\/mentions-legales\\\/#breadcrumb\",\"itemListElement\":[{\"@type\":\"ListItem\",\"position\":1,\"name\":\"Accueil\",\"item\":\"https:\\\/\\\/co-nect.definima.net\\\/en\\\/\"},{\"@type\":\"ListItem\",\"position\":2,\"name\":\"Legal information\"}]},{\"@type\":\"WebSite\",\"@id\":\"https:\\\/\\\/co-nect.definima.net\\\/#website\",\"url\":\"https:\\\/\\\/co-nect.definima.net\\\/\",\"name\":\"Co-nect\",\"description\":\"Ma\u00eetre en \u00e9v\u00e9nements\",\"publisher\":{\"@id\":\"https:\\\/\\\/co-nect.definima.net\\\/#organization\"},\"potentialAction\":[{\"@type\":\"SearchAction\",\"target\":{\"@type\":\"EntryPoint\",\"urlTemplate\":\"https:\\\/\\\/co-nect.definima.net\\\/?s={search_term_string}\"},\"query-input\":{\"@type\":\"PropertyValueSpecification\",\"valueRequired\":true,\"valueName\":\"search_term_string\"}}],\"inLanguage\":\"en-US\"},{\"@type\":\"Organization\",\"@id\":\"https:\\\/\\\/co-nect.definima.net\\\/#organization\",\"name\":\"Les Ortigues\",\"url\":\"https:\\\/\\\/co-nect.definima.net\\\/\",\"logo\":{\"@type\":\"ImageObject\",\"inLanguage\":\"en-US\",\"@id\":\"https:\\\/\\\/co-nect.definima.net\\\/#\\\/schema\\\/logo\\\/image\\\/\",\"url\":\"\",\"contentUrl\":\"\",\"caption\":\"Les Ortigues\"},\"image\":{\"@id\":\"https:\\\/\\\/co-nect.definima.net\\\/#\\\/schema\\\/logo\\\/image\\\/\"}}]}<\/script>\n<!-- \/ Yoast SEO plugin. -->","yoast_head_json":{"title":"Legal information | Co-nect","robots":{"index":"index","follow":"follow","max-snippet":"max-snippet:-1","max-image-preview":"max-image-preview:large","max-video-preview":"max-video-preview:-1"},"canonical":"https:\/\/co-nect.definima.net\/mentions-legales\/","og_locale":"en_US","og_type":"article","og_title":"Legal information | Co-nect","og_description":"Please read carefully the various terms and conditions for use of this site before browsing its pages. By accessing this site, you agree to abide these terms and conditions with no reserves. Also, in accordance with article n\u00b06 of Law n\u00b02004-575 of 21 June 2004 for confidence in the digital economy, the persons in charge... View Article","og_url":"https:\/\/co-nect.definima.net\/mentions-legales\/","og_site_name":"Co-nect","article_modified_time":"2021-11-22T13:36:08+00:00","twitter_card":"summary_large_image","twitter_misc":{"Est. reading time":"6 minutes"},"schema":{"@context":"https:\/\/schema.org","@graph":[{"@type":"WebPage","@id":"https:\/\/co-nect.definima.net\/mentions-legales\/","url":"https:\/\/co-nect.definima.net\/mentions-legales\/","name":"Legal information | Co-nect","isPartOf":{"@id":"https:\/\/co-nect.definima.net\/#website"},"datePublished":"2020-01-13T07:52:16+00:00","dateModified":"2021-11-22T13:36:08+00:00","breadcrumb":{"@id":"https:\/\/co-nect.definima.net\/mentions-legales\/#breadcrumb"},"inLanguage":"en-US","potentialAction":[{"@type":"ReadAction","target":["https:\/\/co-nect.definima.net\/mentions-legales\/"]}]},{"@type":"BreadcrumbList","@id":"https:\/\/co-nect.definima.net\/mentions-legales\/#breadcrumb","itemListElement":[{"@type":"ListItem","position":1,"name":"Accueil","item":"https:\/\/co-nect.definima.net\/en\/"},{"@type":"ListItem","position":2,"name":"Legal information"}]},{"@type":"WebSite","@id":"https:\/\/co-nect.definima.net\/#website","url":"https:\/\/co-nect.definima.net\/","name":"Co-nect","description":"Ma\u00eetre en \u00e9v\u00e9nements","publisher":{"@id":"https:\/\/co-nect.definima.net\/#organization"},"potentialAction":[{"@type":"SearchAction","target":{"@type":"EntryPoint","urlTemplate":"https:\/\/co-nect.definima.net\/?s={search_term_string}"},"query-input":{"@type":"PropertyValueSpecification","valueRequired":true,"valueName":"search_term_string"}}],"inLanguage":"en-US"},{"@type":"Organization","@id":"https:\/\/co-nect.definima.net\/#organization","name":"Les Ortigues","url":"https:\/\/co-nect.definima.net\/","logo":{"@type":"ImageObject","inLanguage":"en-US","@id":"https:\/\/co-nect.definima.net\/#\/schema\/logo\/image\/","url":"","contentUrl":"","caption":"Les Ortigues"},"image":{"@id":"https:\/\/co-nect.definima.net\/#\/schema\/logo\/image\/"}}]}},"_links":{"self":[{"href":"https:\/\/co-nect.definima.net\/en\/wp-json\/wp\/v2\/pages\/3522","targetHints":{"allow":["GET"]}}],"collection":[{"href":"https:\/\/co-nect.definima.net\/en\/wp-json\/wp\/v2\/pages"}],"about":[{"href":"https:\/\/co-nect.definima.net\/en\/wp-json\/wp\/v2\/types\/page"}],"author":[{"embeddable":true,"href":"https:\/\/co-nect.definima.net\/en\/wp-json\/wp\/v2\/users\/6"}],"replies":[{"embeddable":true,"href":"https:\/\/co-nect.definima.net\/en\/wp-json\/wp\/v2\/comments?post=3522"}],"version-history":[{"count":0,"href":"https:\/\/co-nect.definima.net\/en\/wp-json\/wp\/v2\/pages\/3522\/revisions"}],"wp:attachment":[{"href":"https:\/\/co-nect.definima.net\/en\/wp-json\/wp\/v2\/media?parent=3522"}],"curies":[{"name":"wp","href":"https:\/\/api.w.org\/{rel}","templated":true}]}}