{"id":3335,"date":"2020-01-14T20:14:05","date_gmt":"2020-01-14T19:14:05","guid":{"rendered":"https:\/\/www.co-nect.fr\/?page_id=3335"},"modified":"2023-02-27T14:37:15","modified_gmt":"2023-02-27T13:37:15","slug":"accueil","status":"publish","type":"page","link":"https:\/\/co-nect.definima.net\/en\/","title":{"rendered":"Home"},"content":{"rendered":"","protected":false},"excerpt":{"rendered":"","protected":false},"author":2,"featured_media":0,"parent":0,"menu_order":0,"comment_status":"closed","ping_status":"closed","template":"template-home.php","meta":{"_seopress_robots_primary_cat":"","_seopress_titles_title":"Les Ortigues - Conception de Stand et Installation G\u00e9n\u00e9rale","_seopress_titles_desc":"Faites Vous Accompagner par un Professionnel de l&#039;\u00e9v\u00e9nement pour installation, le design, la conception de votre \u00e9v\u00e9nement sur mesure. ","_seopress_robots_index":"","footnotes":""},"class_list":["post-3335","page","type-page","status-publish","hentry"],"yoast_head":"<!-- This site is optimized with the Yoast SEO plugin v27.2 - https:\/\/yoast.com\/product\/yoast-seo-wordpress\/ -->\n<title>Co-nect - Prestataire \u00e9v\u00e9nementiel 360<\/title>\n<meta name=\"description\" content=\"Faites Vous Accompagner par un Professionnel de l&#039;\u00e9v\u00e9nement pour installation, le design, la conception de votre \u00e9v\u00e9nement sur mesure.\" \/>\n<meta name=\"robots\" content=\"index, follow, max-snippet:-1, max-image-preview:large, max-video-preview:-1\" \/>\n<link rel=\"canonical\" href=\"https:\/\/co-nect.definima.net\/en\/\" \/>\n<meta property=\"og:locale\" content=\"en_US\" \/>\n<meta property=\"og:type\" content=\"article\" \/>\n<meta property=\"og:title\" content=\"Co-nect - Prestataire \u00e9v\u00e9nementiel 360\" \/>\n<meta property=\"og:description\" content=\"Faites Vous Accompagner par un Professionnel de l&#039;\u00e9v\u00e9nement pour installation, le design, la conception de votre \u00e9v\u00e9nement sur mesure.\" \/>\n<meta property=\"og:url\" content=\"https:\/\/co-nect.definima.net\/en\/\" \/>\n<meta property=\"og:site_name\" content=\"Co-nect\" \/>\n<meta property=\"article:modified_time\" content=\"2023-02-27T13:37:15+00:00\" \/>\n<meta name=\"twitter:card\" content=\"summary_large_image\" \/>\n<script type=\"application\/ld+json\" class=\"yoast-schema-graph\">{\"@context\":\"https:\/\/schema.org\",\"@graph\":[{\"@type\":\"WebPage\",\"@id\":\"https:\/\/co-nect.definima.net\/en\/\",\"url\":\"https:\/\/co-nect.definima.net\/en\/\",\"name\":\"Co-nect - Prestataire \u00e9v\u00e9nementiel 360\",\"isPartOf\":{\"@id\":\"https:\/\/co-nect.definima.net\/#website\"},\"datePublished\":\"2020-01-14T19:14:05+00:00\",\"dateModified\":\"2023-02-27T13:37:15+00:00\",\"description\":\"Faites Vous Accompagner par un Professionnel de l'\u00e9v\u00e9nement pour installation, le design, la conception de votre \u00e9v\u00e9nement sur mesure.\",\"breadcrumb\":{\"@id\":\"https:\/\/co-nect.definima.net\/en\/#breadcrumb\"},\"inLanguage\":\"en-US\",\"potentialAction\":[{\"@type\":\"ReadAction\",\"target\":[\"https:\/\/co-nect.definima.net\/en\/\"]}]},{\"@type\":\"BreadcrumbList\",\"@id\":\"https:\/\/co-nect.definima.net\/en\/#breadcrumb\",\"itemListElement\":[{\"@type\":\"ListItem\",\"position\":1,\"name\":\"Accueil\",\"item\":\"https:\/\/co-nect.definima.net\/en\/\"},{\"@type\":\"ListItem\",\"position\":2,\"name\":\"Home\"}]},{\"@type\":\"WebSite\",\"@id\":\"https:\/\/co-nect.definima.net\/#website\",\"url\":\"https:\/\/co-nect.definima.net\/\",\"name\":\"Co-nect\",\"description\":\"Ma\u00eetre en \u00e9v\u00e9nements\",\"publisher\":{\"@id\":\"https:\/\/co-nect.definima.net\/#organization\"},\"potentialAction\":[{\"@type\":\"SearchAction\",\"target\":{\"@type\":\"EntryPoint\",\"urlTemplate\":\"https:\/\/co-nect.definima.net\/?s={search_term_string}\"},\"query-input\":{\"@type\":\"PropertyValueSpecification\",\"valueRequired\":true,\"valueName\":\"search_term_string\"}}],\"inLanguage\":\"en-US\"},{\"@type\":\"Organization\",\"@id\":\"https:\/\/co-nect.definima.net\/#organization\",\"name\":\"Les Ortigues\",\"url\":\"https:\/\/co-nect.definima.net\/\",\"logo\":{\"@type\":\"ImageObject\",\"inLanguage\":\"en-US\",\"@id\":\"https:\/\/co-nect.definima.net\/#\/schema\/logo\/image\/\",\"url\":\"\",\"contentUrl\":\"\",\"caption\":\"Les Ortigues\"},\"image\":{\"@id\":\"https:\/\/co-nect.definima.net\/#\/schema\/logo\/image\/\"}}]}<\/script>\n<!-- \/ Yoast SEO plugin. -->","yoast_head_json":{"title":"Co-nect - Prestataire \u00e9v\u00e9nementiel 360","description":"Faites Vous Accompagner par un Professionnel de l'\u00e9v\u00e9nement pour installation, le design, la conception de votre \u00e9v\u00e9nement sur mesure.","robots":{"index":"index","follow":"follow","max-snippet":"max-snippet:-1","max-image-preview":"max-image-preview:large","max-video-preview":"max-video-preview:-1"},"canonical":"https:\/\/co-nect.definima.net\/en\/","og_locale":"en_US","og_type":"article","og_title":"Co-nect - Prestataire \u00e9v\u00e9nementiel 360","og_description":"Faites Vous Accompagner par un Professionnel de l'\u00e9v\u00e9nement pour installation, le design, la conception de votre \u00e9v\u00e9nement sur mesure.","og_url":"https:\/\/co-nect.definima.net\/en\/","og_site_name":"Co-nect","article_modified_time":"2023-02-27T13:37:15+00:00","twitter_card":"summary_large_image","schema":{"@context":"https:\/\/schema.org","@graph":[{"@type":"WebPage","@id":"https:\/\/co-nect.definima.net\/en\/","url":"https:\/\/co-nect.definima.net\/en\/","name":"Co-nect - Prestataire \u00e9v\u00e9nementiel 360","isPartOf":{"@id":"https:\/\/co-nect.definima.net\/#website"},"datePublished":"2020-01-14T19:14:05+00:00","dateModified":"2023-02-27T13:37:15+00:00","description":"Faites Vous Accompagner par un Professionnel de l'\u00e9v\u00e9nement pour installation, le design, la conception de votre \u00e9v\u00e9nement sur mesure.","breadcrumb":{"@id":"https:\/\/co-nect.definima.net\/en\/#breadcrumb"},"inLanguage":"en-US","potentialAction":[{"@type":"ReadAction","target":["https:\/\/co-nect.definima.net\/en\/"]}]},{"@type":"BreadcrumbList","@id":"https:\/\/co-nect.definima.net\/en\/#breadcrumb","itemListElement":[{"@type":"ListItem","position":1,"name":"Accueil","item":"https:\/\/co-nect.definima.net\/en\/"},{"@type":"ListItem","position":2,"name":"Home"}]},{"@type":"WebSite","@id":"https:\/\/co-nect.definima.net\/#website","url":"https:\/\/co-nect.definima.net\/","name":"Co-nect","description":"Ma\u00eetre en \u00e9v\u00e9nements","publisher":{"@id":"https:\/\/co-nect.definima.net\/#organization"},"potentialAction":[{"@type":"SearchAction","target":{"@type":"EntryPoint","urlTemplate":"https:\/\/co-nect.definima.net\/?s={search_term_string}"},"query-input":{"@type":"PropertyValueSpecification","valueRequired":true,"valueName":"search_term_string"}}],"inLanguage":"en-US"},{"@type":"Organization","@id":"https:\/\/co-nect.definima.net\/#organization","name":"Les Ortigues","url":"https:\/\/co-nect.definima.net\/","logo":{"@type":"ImageObject","inLanguage":"en-US","@id":"https:\/\/co-nect.definima.net\/#\/schema\/logo\/image\/","url":"","contentUrl":"","caption":"Les Ortigues"},"image":{"@id":"https:\/\/co-nect.definima.net\/#\/schema\/logo\/image\/"}}]}},"_links":{"self":[{"href":"https:\/\/co-nect.definima.net\/en\/wp-json\/wp\/v2\/pages\/3335\/"}],"collection":[{"href":"https:\/\/co-nect.definima.net\/en\/wp-json\/wp\/v2\/pages\/"}],"about":[{"href":"https:\/\/co-nect.definima.net\/en\/wp-json\/wp\/v2\/types\/page\/"}],"author":[{"embeddable":true,"href":"https:\/\/co-nect.definima.net\/en\/wp-json\/wp\/v2\/users\/2\/"}],"replies":[{"embeddable":true,"href":"https:\/\/co-nect.definima.net\/en\/wp-json\/wp\/v2\/comments\/?post=3335"}],"version-history":[{"count":0,"href":"https:\/\/co-nect.definima.net\/en\/wp-json\/wp\/v2\/pages\/3335\/revisions\/"}],"wp:attachment":[{"href":"https:\/\/co-nect.definima.net\/en\/wp-json\/wp\/v2\/media\/?parent=3335"}],"curies":[{"name":"wp","href":"https:\/\/api.w.org\/{rel}","templated":true}]}}